{"id":118,"date":"2023-04-20T19:10:21","date_gmt":"2023-04-20T17:10:21","guid":{"rendered":"https:\/\/kaledonia.com.pl\/sklep\/?post_type=product&#038;p=118"},"modified":"2024-02-15T12:48:07","modified_gmt":"2024-02-15T11:48:07","slug":"podwiazka-slubna-p-22","status":"publish","type":"product","link":"https:\/\/kaledonia.com.pl\/sklep\/produkt\/podwiazka-slubna-p-22\/","title":{"rendered":"Podwi\u0105zka \u015blubna P-22"},"content":{"rendered":"","protected":false},"excerpt":{"rendered":"<p>Pi\u0119kna, puszysta podwi\u0105zka z delikatnej jak mgie\u0142ka, francuskiej koronki, w kolorze \u015bmietankowej bieli. Posiada pi\u0119kne obszycie satynow\u0105 tasiemk\u0105 oraz wyrazist\u0105 aplikacj\u0119, zdobion\u0105 koraliczkami i drobnymi cekinami. Dodatkowym akcentem s\u0105 \u015bmietankowe kokardki z eleganckim, bi\u017cuteryjnym guziczkiem.<\/p>\n<p><b>Prezentowany wz\u00f3r mo\u017cna kupi\u0107 w rozmiarze oversize lub zam\u00f3wi\u0107 indywidualny wymiar, wysy\u0142aj\u0105c\u00a0do nas wiadomo\u015b\u0107 e-mail z obwodem uda, wyra\u017conym\u00a0w centymetrach.\u00a0W obu przypadkach jest to produkt szyty na indywidualne zam\u00f3wienie i nie podlega zwrotowi.<\/b><br \/>\n<b>Brak wskazania rozmiaru jest jednoznaczny z wyborem wersji uniwersalnej S-L.<\/b><br \/>\n<b><br \/>\nCzas realizacji zam\u00f3wienia \u2013 7 dni roboczych.<\/b><\/p>\n<p><em>Chcesz kupi\u0107 produkt szyty na miar\u0119? Masz dodatkowe pytania?<\/em><\/p>\n<p><strong>Skontaktuj si\u0119 z nami pod numerem: 577190790<\/strong><br \/>\n<strong>Adres e-mail: biuro@kaledonia.pl<\/strong><\/p>\n<p>Dokonuj\u0105c zakupu akceptujesz warunki oferty.<\/p>\n","protected":false},"featured_media":171,"comment_status":"closed","ping_status":"closed","template":"","meta":[],"product_cat":[18],"product_tag":[],"yoast_head":"<!-- This site is optimized with the Yoast SEO Premium plugin v20.1 (Yoast SEO v21.7) - https:\/\/yoast.com\/wordpress\/plugins\/seo\/ -->\n<title>Podwi\u0105zka \u015blubna P-22 - eSklep Kaledonia<\/title>\n<meta name=\"robots\" content=\"index, follow, max-snippet:-1, max-image-preview:large, max-video-preview:-1\" \/>\n<link rel=\"canonical\" href=\"https:\/\/kaledonia.com.pl\/sklep\/produkt\/podwiazka-slubna-p-22\/\" \/>\n<meta property=\"og:locale\" content=\"pl_PL\" \/>\n<meta property=\"og:type\" content=\"article\" \/>\n<meta property=\"og:title\" content=\"Podwi\u0105zka \u015blubna P-22\" \/>\n<meta property=\"og:description\" content=\"Pi\u0119kna, puszysta podwi\u0105zka z delikatnej jak mgie\u0142ka, francuskiej koronki, w kolorze \u015bmietankowej bieli. Posiada pi\u0119kne obszycie satynow\u0105 tasiemk\u0105 oraz wyrazist\u0105 aplikacj\u0119, zdobion\u0105 koraliczkami i drobnymi cekinami. Dodatkowym akcentem s\u0105 \u015bmietankowe kokardki z eleganckim, bi\u017cuteryjnym guziczkiem.  Prezentowany wz\u00f3r mo\u017cna kupi\u0107 w rozmiarze oversize lub zam\u00f3wi\u0107 indywidualny wymiar, wysy\u0142aj\u0105c\u00a0do nas wiadomo\u015b\u0107 e-mail z obwodem uda, wyra\u017conym\u00a0w centymetrach.\u00a0W obu przypadkach jest to produkt szyty na indywidualne zam\u00f3wienie i nie podlega zwrotowi. Brak wskazania rozmiaru jest jednoznaczny z wyborem wersji uniwersalnej S-L.  Czas realizacji zam\u00f3wienia \u2013 7 dni roboczych.  Chcesz kupi\u0107 produkt szyty na miar\u0119? Masz dodatkowe pytania?  Skontaktuj si\u0119 z nami pod numerem: 577190790 Adres e-mail: biuro@kaledonia.pl  Dokonuj\u0105c zakupu akceptujesz warunki oferty.\" \/>\n<meta property=\"og:url\" content=\"https:\/\/kaledonia.com.pl\/sklep\/produkt\/podwiazka-slubna-p-22\/\" \/>\n<meta property=\"og:site_name\" content=\"eSklep Kaledonia\" \/>\n<meta property=\"article:publisher\" content=\"https:\/\/www.facebook.com\/SuknieSlubneKaledonia\" \/>\n<meta property=\"article:modified_time\" content=\"2024-02-15T11:48:07+00:00\" \/>\n<meta property=\"og:image\" content=\"https:\/\/kaledonia.com.pl\/sklep\/wp-content\/uploads\/2023\/04\/P-22.png\" \/>\n\t<meta property=\"og:image:width\" content=\"768\" \/>\n\t<meta property=\"og:image:height\" content=\"662\" \/>\n\t<meta property=\"og:image:type\" content=\"image\/png\" \/>\n<meta name=\"twitter:card\" content=\"summary_large_image\" \/>\n<meta name=\"twitter:label1\" content=\"Szacowany czas czytania\" \/>\n\t<meta name=\"twitter:data1\" content=\"1 minuta\" \/>\n<script type=\"application\/ld+json\" class=\"yoast-schema-graph\">{\"@context\":\"https:\/\/schema.org\",\"@graph\":[{\"@type\":\"WebPage\",\"@id\":\"https:\/\/kaledonia.com.pl\/sklep\/produkt\/podwiazka-slubna-p-22\/\",\"url\":\"https:\/\/kaledonia.com.pl\/sklep\/produkt\/podwiazka-slubna-p-22\/\",\"name\":\"Podwi\u0105zka \u015blubna P-22 - eSklep Kaledonia\",\"isPartOf\":{\"@id\":\"https:\/\/kaledonia.com.pl\/sklep\/#website\"},\"datePublished\":\"2023-04-20T17:10:21+00:00\",\"dateModified\":\"2024-02-15T11:48:07+00:00\",\"breadcrumb\":{\"@id\":\"https:\/\/kaledonia.com.pl\/sklep\/produkt\/podwiazka-slubna-p-22\/#breadcrumb\"},\"inLanguage\":\"pl-PL\",\"potentialAction\":[{\"@type\":\"ReadAction\",\"target\":[\"https:\/\/kaledonia.com.pl\/sklep\/produkt\/podwiazka-slubna-p-22\/\"]}]},{\"@type\":\"BreadcrumbList\",\"@id\":\"https:\/\/kaledonia.com.pl\/sklep\/produkt\/podwiazka-slubna-p-22\/#breadcrumb\",\"itemListElement\":[{\"@type\":\"ListItem\",\"position\":1,\"name\":\"Home\",\"item\":\"https:\/\/kaledonia.com.pl\/sklep\/\"},{\"@type\":\"ListItem\",\"position\":2,\"name\":\"Sklep\",\"item\":\"https:\/\/kaledonia.com.pl\/sklep\/sklep\/\"},{\"@type\":\"ListItem\",\"position\":3,\"name\":\"Podwi\u0105zka \u015blubna P-22\"}]},{\"@type\":\"WebSite\",\"@id\":\"https:\/\/kaledonia.com.pl\/sklep\/#website\",\"url\":\"https:\/\/kaledonia.com.pl\/sklep\/\",\"name\":\"eSklep Kaledonia\",\"description\":\"\",\"publisher\":{\"@id\":\"https:\/\/kaledonia.com.pl\/sklep\/#organization\"},\"potentialAction\":[{\"@type\":\"SearchAction\",\"target\":{\"@type\":\"EntryPoint\",\"urlTemplate\":\"https:\/\/kaledonia.com.pl\/sklep\/?s={search_term_string}\"},\"query-input\":\"required name=search_term_string\"}],\"inLanguage\":\"pl-PL\"},{\"@type\":\"Organization\",\"@id\":\"https:\/\/kaledonia.com.pl\/sklep\/#organization\",\"name\":\"Kaledonia\",\"url\":\"https:\/\/kaledonia.com.pl\/sklep\/\",\"logo\":{\"@type\":\"ImageObject\",\"inLanguage\":\"pl-PL\",\"@id\":\"https:\/\/kaledonia.com.pl\/sklep\/#\/schema\/logo\/image\/\",\"url\":\"https:\/\/kaledonia.com.pl\/sklep\/wp-content\/uploads\/2023\/02\/Kaledonia-Logo-Black_byEH.png\",\"contentUrl\":\"https:\/\/kaledonia.com.pl\/sklep\/wp-content\/uploads\/2023\/02\/Kaledonia-Logo-Black_byEH.png\",\"width\":283,\"height\":120,\"caption\":\"Kaledonia\"},\"image\":{\"@id\":\"https:\/\/kaledonia.com.pl\/sklep\/#\/schema\/logo\/image\/\"},\"sameAs\":[\"https:\/\/www.facebook.com\/SuknieSlubneKaledonia\",\"https:\/\/www.instagram.com\/suknieslubnekaledonia\/\"]}]}<\/script>\n<!-- \/ Yoast SEO Premium plugin. -->","yoast_head_json":{"title":"Podwi\u0105zka \u015blubna P-22 - eSklep Kaledonia","robots":{"index":"index","follow":"follow","max-snippet":"max-snippet:-1","max-image-preview":"max-image-preview:large","max-video-preview":"max-video-preview:-1"},"canonical":"https:\/\/kaledonia.com.pl\/sklep\/produkt\/podwiazka-slubna-p-22\/","og_locale":"pl_PL","og_type":"article","og_title":"Podwi\u0105zka \u015blubna P-22","og_description":"Pi\u0119kna, puszysta podwi\u0105zka z delikatnej jak mgie\u0142ka, francuskiej koronki, w kolorze \u015bmietankowej bieli. Posiada pi\u0119kne obszycie satynow\u0105 tasiemk\u0105 oraz wyrazist\u0105 aplikacj\u0119, zdobion\u0105 koraliczkami i drobnymi cekinami. Dodatkowym akcentem s\u0105 \u015bmietankowe kokardki z eleganckim, bi\u017cuteryjnym guziczkiem.  Prezentowany wz\u00f3r mo\u017cna kupi\u0107 w rozmiarze oversize lub zam\u00f3wi\u0107 indywidualny wymiar, wysy\u0142aj\u0105c\u00a0do nas wiadomo\u015b\u0107 e-mail z obwodem uda, wyra\u017conym\u00a0w centymetrach.\u00a0W obu przypadkach jest to produkt szyty na indywidualne zam\u00f3wienie i nie podlega zwrotowi. Brak wskazania rozmiaru jest jednoznaczny z wyborem wersji uniwersalnej S-L.  Czas realizacji zam\u00f3wienia \u2013 7 dni roboczych.  Chcesz kupi\u0107 produkt szyty na miar\u0119? Masz dodatkowe pytania?  Skontaktuj si\u0119 z nami pod numerem: 577190790 Adres e-mail: biuro@kaledonia.pl  Dokonuj\u0105c zakupu akceptujesz warunki oferty.","og_url":"https:\/\/kaledonia.com.pl\/sklep\/produkt\/podwiazka-slubna-p-22\/","og_site_name":"eSklep Kaledonia","article_publisher":"https:\/\/www.facebook.com\/SuknieSlubneKaledonia","article_modified_time":"2024-02-15T11:48:07+00:00","og_image":[{"width":768,"height":662,"url":"https:\/\/kaledonia.com.pl\/sklep\/wp-content\/uploads\/2023\/04\/P-22.png","type":"image\/png"}],"twitter_card":"summary_large_image","twitter_misc":{"Szacowany czas czytania":"1 minuta"},"schema":{"@context":"https:\/\/schema.org","@graph":[{"@type":"WebPage","@id":"https:\/\/kaledonia.com.pl\/sklep\/produkt\/podwiazka-slubna-p-22\/","url":"https:\/\/kaledonia.com.pl\/sklep\/produkt\/podwiazka-slubna-p-22\/","name":"Podwi\u0105zka \u015blubna P-22 - eSklep Kaledonia","isPartOf":{"@id":"https:\/\/kaledonia.com.pl\/sklep\/#website"},"datePublished":"2023-04-20T17:10:21+00:00","dateModified":"2024-02-15T11:48:07+00:00","breadcrumb":{"@id":"https:\/\/kaledonia.com.pl\/sklep\/produkt\/podwiazka-slubna-p-22\/#breadcrumb"},"inLanguage":"pl-PL","potentialAction":[{"@type":"ReadAction","target":["https:\/\/kaledonia.com.pl\/sklep\/produkt\/podwiazka-slubna-p-22\/"]}]},{"@type":"BreadcrumbList","@id":"https:\/\/kaledonia.com.pl\/sklep\/produkt\/podwiazka-slubna-p-22\/#breadcrumb","itemListElement":[{"@type":"ListItem","position":1,"name":"Home","item":"https:\/\/kaledonia.com.pl\/sklep\/"},{"@type":"ListItem","position":2,"name":"Sklep","item":"https:\/\/kaledonia.com.pl\/sklep\/sklep\/"},{"@type":"ListItem","position":3,"name":"Podwi\u0105zka \u015blubna P-22"}]},{"@type":"WebSite","@id":"https:\/\/kaledonia.com.pl\/sklep\/#website","url":"https:\/\/kaledonia.com.pl\/sklep\/","name":"eSklep Kaledonia","description":"","publisher":{"@id":"https:\/\/kaledonia.com.pl\/sklep\/#organization"},"potentialAction":[{"@type":"SearchAction","target":{"@type":"EntryPoint","urlTemplate":"https:\/\/kaledonia.com.pl\/sklep\/?s={search_term_string}"},"query-input":"required name=search_term_string"}],"inLanguage":"pl-PL"},{"@type":"Organization","@id":"https:\/\/kaledonia.com.pl\/sklep\/#organization","name":"Kaledonia","url":"https:\/\/kaledonia.com.pl\/sklep\/","logo":{"@type":"ImageObject","inLanguage":"pl-PL","@id":"https:\/\/kaledonia.com.pl\/sklep\/#\/schema\/logo\/image\/","url":"https:\/\/kaledonia.com.pl\/sklep\/wp-content\/uploads\/2023\/02\/Kaledonia-Logo-Black_byEH.png","contentUrl":"https:\/\/kaledonia.com.pl\/sklep\/wp-content\/uploads\/2023\/02\/Kaledonia-Logo-Black_byEH.png","width":283,"height":120,"caption":"Kaledonia"},"image":{"@id":"https:\/\/kaledonia.com.pl\/sklep\/#\/schema\/logo\/image\/"},"sameAs":["https:\/\/www.facebook.com\/SuknieSlubneKaledonia","https:\/\/www.instagram.com\/suknieslubnekaledonia\/"]}]}},"_links":{"self":[{"href":"https:\/\/kaledonia.com.pl\/sklep\/wp-json\/wp\/v2\/product\/118"}],"collection":[{"href":"https:\/\/kaledonia.com.pl\/sklep\/wp-json\/wp\/v2\/product"}],"about":[{"href":"https:\/\/kaledonia.com.pl\/sklep\/wp-json\/wp\/v2\/types\/product"}],"replies":[{"embeddable":true,"href":"https:\/\/kaledonia.com.pl\/sklep\/wp-json\/wp\/v2\/comments?post=118"}],"wp:featuredmedia":[{"embeddable":true,"href":"https:\/\/kaledonia.com.pl\/sklep\/wp-json\/wp\/v2\/media\/171"}],"wp:attachment":[{"href":"https:\/\/kaledonia.com.pl\/sklep\/wp-json\/wp\/v2\/media?parent=118"}],"wp:term":[{"taxonomy":"product_cat","embeddable":true,"href":"https:\/\/kaledonia.com.pl\/sklep\/wp-json\/wp\/v2\/product_cat?post=118"},{"taxonomy":"product_tag","embeddable":true,"href":"https:\/\/kaledonia.com.pl\/sklep\/wp-json\/wp\/v2\/product_tag?post=118"}],"curies":[{"name":"wp","href":"https:\/\/api.w.org\/{rel}","templated":true}]}}