{"id":1249,"date":"2025-06-27T09:31:46","date_gmt":"2025-06-27T07:31:46","guid":{"rendered":"https:\/\/kaledonia.com.pl\/sklep\/?post_type=product&#038;p=1249"},"modified":"2026-02-09T11:31:02","modified_gmt":"2026-02-09T10:31:02","slug":"taylor-2","status":"publish","type":"product","link":"https:\/\/kaledonia.com.pl\/sklep\/produkt\/taylor-2\/","title":{"rendered":"TULLY"},"content":{"rendered":"<p>TULLY to prosta, a zarazem niezwykle romantyczna, mu\u015blinowa suknia o kroju lekkiej litery A. Zachwyca delikatno\u015bci\u0105, subtelnym wdzi\u0119kiem i naturalnym pi\u0119knem. Idealna dla panny m\u0142odej, kt\u00f3ra marzy o lekkiej, zwiewnej stylizacji z nut\u0105 klasycznej elegancji. G\u00f3rna cz\u0119\u015b\u0107 sukni zosta\u0142a wykonana z misternie zdobionej koronki, kt\u00f3ra przyci\u0105ga uwag\u0119 swoj\u0105 struktur\u0105 i finezyjnym wyko\u0144czeniem. Delikatnie opadaj\u0105ce r\u0119kawki dodaj\u0105 ca\u0142ej kompozycji  dziewcz\u0119cego uroku. D\u00f3\u0142 sukni wykonany jest z lekkiego mu\u015blinu, kt\u00f3ry mi\u0119kko uk\u0142ada si\u0119 w ruchu i dodaje sylwetce lekko\u015bci oraz p\u0142ynno\u015bci. Ten kontrast mi\u0119dzy koronkow\u0105 g\u00f3r\u0105 a prostym, mu\u015blinowym do\u0142em tworzy harmonijn\u0105 i wywa\u017con\u0105 kompozycj\u0119. Zwie\u0144czeniem stylizacji jest delikatny tren, zako\u0144czony koronkowym wyko\u0144czeniem, kt\u00f3re nawi\u0105zuje do g\u00f3ry sukni.<\/p>\n<div style=\"position: relative; width: 100%; height: 0; padding-top: 57.1429%;\n\n padding-bottom: 0; box-shadow: 0 2px 8px 0 rgba(63,69,81,0.16); margin-top: 1.6em; margin-bottom: 0.9em; overflow: hidden;\n\n border-radius: 8px; will-change: transform;\"><\/p>\n<p>  <iframe loading=\"lazy\" style=\"position: absolute; width: 100%; height: 100%; top: 0; left: 0; border: none; padding: 0;margin: 0;\"\n\n    src=\"https:\/\/www.canva.com\/design\/DAGnmSKfmvY\/KMjlSrlGyDk88TgjoRD5XA\/view?embed\" allowfullscreen=\"allowfullscreen\" allow=\"fullscreen\"><\/p>\n<p>  <\/iframe><\/p>\n<\/div>\n<p>Cena sukni dotyczy sprzeda\u017cy internetowej.<br \/>\nCzas realizacji do 14 dni roboczych. W przypadku zap\u0142aty przelewem bankowym, czas realizacji zam\u00f3wienia liczony jest od momentu zaksi\u0119gowania wp\u0142aty na naszym koncie.<\/p>\n<p>Pami\u0119taj \u017ce zwracany produkt:<\/p>\n<p>-nie mo\u017ce by\u0107 uszkodzony,<br \/>\n-nie mo\u017ce nosi\u0107 \u015blad\u00f3w u\u017cytkowania<br \/>\n-nie mo\u017ce zosta\u0107 zabrudzony (kurz, brud, sier\u015b\u0107, \u015blady makija\u017cu, antyperspirantu, perfum i zapach\u00f3w)<br \/>\n-musi posiada\u0107 oryginalne metki \u2013 nie mo\u017cna usuwa\u0107 zabezpiecze\u0144 produktu (ochronne znaki z firmowym logo)<br \/>\n-musi zosta\u0107 starannie zapakowany, aby nie uleg\u0142 zniszczeniu w czasie transportu.<\/p>\n<p>Je\u017celi potrzebujesz us\u0142ugi zwi\u0105zanej z korektami krawieckimi przy dopasowaniu sukni do Twojej sylwetki lub modyfikacjami kreacji \u2013 jeste\u015bmy w stanie Ci z tym pom\u00f3c \u2013 skontaktuj si\u0119 z nami w ramach wyceny.<\/p>\n","protected":false},"excerpt":{"rendered":"<p>Kolor: Ivory<br \/>\nRozmiar 38\/40 (z mo\u017cliwo\u015bci\u0105 pomniejszenia lub powi\u0119kszenia o kilka centymetr\u00f3w)<br \/>\nTabela rozmiar\u00f3w:<br \/>\nBiust: 93 cm<br \/>\nTalia: 69 cm<br \/>\nBiodra: 96 cm<br \/>\nWysoko\u015b\u0107 od ramienia do talii prz\u00f3d: 46 cm<br \/>\nD\u0142ugo\u015b\u0107 sp\u00f3dnicy: 120 cm<br \/>\nStan sukni: Model poekspozycyjny (mog\u0105 by\u0107 widocznie niewielkie \u015blady mierzenia)<\/p>\n","protected":false},"featured_media":1251,"comment_status":"open","ping_status":"closed","template":"","meta":[],"product_cat":[49],"product_tag":[205],"yoast_head":"<!-- This site is optimized with the Yoast SEO Premium plugin v20.1 (Yoast SEO v21.7) - https:\/\/yoast.com\/wordpress\/plugins\/seo\/ -->\n<title>TULLY - eSklep Kaledonia<\/title>\n<meta name=\"description\" content=\"Prosta, mu\u015blinowa suknia o kroju lekkiej litery A. G\u00f3rna cz\u0119\u015b\u0107 sukni zosta\u0142a wykonana zE zdobionej koronki, kt\u00f3ra przyci\u0105ga uwag\u0119 swoim wyko\u0144czeniem.\" \/>\n<meta name=\"robots\" content=\"index, follow, max-snippet:-1, max-image-preview:large, max-video-preview:-1\" \/>\n<link rel=\"canonical\" href=\"https:\/\/kaledonia.com.pl\/sklep\/produkt\/taylor-2\/\" \/>\n<meta property=\"og:locale\" content=\"pl_PL\" \/>\n<meta property=\"og:type\" content=\"article\" \/>\n<meta property=\"og:title\" content=\"TULLY\" \/>\n<meta property=\"og:description\" content=\"Prosta, mu\u015blinowa suknia o kroju lekkiej litery A. G\u00f3rna cz\u0119\u015b\u0107 sukni zosta\u0142a wykonana zE zdobionej koronki, kt\u00f3ra przyci\u0105ga uwag\u0119 swoim wyko\u0144czeniem.\" \/>\n<meta property=\"og:url\" content=\"https:\/\/kaledonia.com.pl\/sklep\/produkt\/taylor-2\/\" \/>\n<meta property=\"og:site_name\" content=\"eSklep Kaledonia\" \/>\n<meta property=\"article:publisher\" content=\"https:\/\/www.facebook.com\/SuknieSlubneKaledonia\" \/>\n<meta property=\"article:modified_time\" content=\"2026-02-09T10:31:02+00:00\" \/>\n<meta property=\"og:image\" content=\"https:\/\/kaledonia.com.pl\/sklep\/wp-content\/uploads\/2025\/06\/tully_1.jpg\" \/>\n\t<meta property=\"og:image:width\" content=\"800\" \/>\n\t<meta property=\"og:image:height\" content=\"1200\" \/>\n\t<meta property=\"og:image:type\" content=\"image\/jpeg\" \/>\n<meta name=\"twitter:card\" content=\"summary_large_image\" \/>\n<meta name=\"twitter:label1\" content=\"Szacowany czas czytania\" \/>\n\t<meta name=\"twitter:data1\" content=\"2 minuty\" \/>\n<script type=\"application\/ld+json\" class=\"yoast-schema-graph\">{\"@context\":\"https:\/\/schema.org\",\"@graph\":[{\"@type\":\"WebPage\",\"@id\":\"https:\/\/kaledonia.com.pl\/sklep\/produkt\/taylor-2\/\",\"url\":\"https:\/\/kaledonia.com.pl\/sklep\/produkt\/taylor-2\/\",\"name\":\"TULLY - eSklep Kaledonia\",\"isPartOf\":{\"@id\":\"https:\/\/kaledonia.com.pl\/sklep\/#website\"},\"datePublished\":\"2025-06-27T07:31:46+00:00\",\"dateModified\":\"2026-02-09T10:31:02+00:00\",\"description\":\"Prosta, mu\u015blinowa suknia o kroju lekkiej litery A. G\u00f3rna cz\u0119\u015b\u0107 sukni zosta\u0142a wykonana zE zdobionej koronki, kt\u00f3ra przyci\u0105ga uwag\u0119 swoim wyko\u0144czeniem.\",\"breadcrumb\":{\"@id\":\"https:\/\/kaledonia.com.pl\/sklep\/produkt\/taylor-2\/#breadcrumb\"},\"inLanguage\":\"pl-PL\",\"potentialAction\":[{\"@type\":\"ReadAction\",\"target\":[\"https:\/\/kaledonia.com.pl\/sklep\/produkt\/taylor-2\/\"]}]},{\"@type\":\"BreadcrumbList\",\"@id\":\"https:\/\/kaledonia.com.pl\/sklep\/produkt\/taylor-2\/#breadcrumb\",\"itemListElement\":[{\"@type\":\"ListItem\",\"position\":1,\"name\":\"Home\",\"item\":\"https:\/\/kaledonia.com.pl\/sklep\/\"},{\"@type\":\"ListItem\",\"position\":2,\"name\":\"Sklep\",\"item\":\"https:\/\/kaledonia.com.pl\/sklep\/sklep\/\"},{\"@type\":\"ListItem\",\"position\":3,\"name\":\"TULLY\"}]},{\"@type\":\"WebSite\",\"@id\":\"https:\/\/kaledonia.com.pl\/sklep\/#website\",\"url\":\"https:\/\/kaledonia.com.pl\/sklep\/\",\"name\":\"eSklep Kaledonia\",\"description\":\"\",\"publisher\":{\"@id\":\"https:\/\/kaledonia.com.pl\/sklep\/#organization\"},\"potentialAction\":[{\"@type\":\"SearchAction\",\"target\":{\"@type\":\"EntryPoint\",\"urlTemplate\":\"https:\/\/kaledonia.com.pl\/sklep\/?s={search_term_string}\"},\"query-input\":\"required name=search_term_string\"}],\"inLanguage\":\"pl-PL\"},{\"@type\":\"Organization\",\"@id\":\"https:\/\/kaledonia.com.pl\/sklep\/#organization\",\"name\":\"Kaledonia\",\"url\":\"https:\/\/kaledonia.com.pl\/sklep\/\",\"logo\":{\"@type\":\"ImageObject\",\"inLanguage\":\"pl-PL\",\"@id\":\"https:\/\/kaledonia.com.pl\/sklep\/#\/schema\/logo\/image\/\",\"url\":\"https:\/\/kaledonia.com.pl\/sklep\/wp-content\/uploads\/2023\/02\/Kaledonia-Logo-Black_byEH.png\",\"contentUrl\":\"https:\/\/kaledonia.com.pl\/sklep\/wp-content\/uploads\/2023\/02\/Kaledonia-Logo-Black_byEH.png\",\"width\":283,\"height\":120,\"caption\":\"Kaledonia\"},\"image\":{\"@id\":\"https:\/\/kaledonia.com.pl\/sklep\/#\/schema\/logo\/image\/\"},\"sameAs\":[\"https:\/\/www.facebook.com\/SuknieSlubneKaledonia\",\"https:\/\/www.instagram.com\/suknieslubnekaledonia\/\"]}]}<\/script>\n<!-- \/ Yoast SEO Premium plugin. -->","yoast_head_json":{"title":"TULLY - eSklep Kaledonia","description":"Prosta, mu\u015blinowa suknia o kroju lekkiej litery A. G\u00f3rna cz\u0119\u015b\u0107 sukni zosta\u0142a wykonana zE zdobionej koronki, kt\u00f3ra przyci\u0105ga uwag\u0119 swoim wyko\u0144czeniem.","robots":{"index":"index","follow":"follow","max-snippet":"max-snippet:-1","max-image-preview":"max-image-preview:large","max-video-preview":"max-video-preview:-1"},"canonical":"https:\/\/kaledonia.com.pl\/sklep\/produkt\/taylor-2\/","og_locale":"pl_PL","og_type":"article","og_title":"TULLY","og_description":"Prosta, mu\u015blinowa suknia o kroju lekkiej litery A. G\u00f3rna cz\u0119\u015b\u0107 sukni zosta\u0142a wykonana zE zdobionej koronki, kt\u00f3ra przyci\u0105ga uwag\u0119 swoim wyko\u0144czeniem.","og_url":"https:\/\/kaledonia.com.pl\/sklep\/produkt\/taylor-2\/","og_site_name":"eSklep Kaledonia","article_publisher":"https:\/\/www.facebook.com\/SuknieSlubneKaledonia","article_modified_time":"2026-02-09T10:31:02+00:00","og_image":[{"width":800,"height":1200,"url":"https:\/\/kaledonia.com.pl\/sklep\/wp-content\/uploads\/2025\/06\/tully_1.jpg","type":"image\/jpeg"}],"twitter_card":"summary_large_image","twitter_misc":{"Szacowany czas czytania":"2 minuty"},"schema":{"@context":"https:\/\/schema.org","@graph":[{"@type":"WebPage","@id":"https:\/\/kaledonia.com.pl\/sklep\/produkt\/taylor-2\/","url":"https:\/\/kaledonia.com.pl\/sklep\/produkt\/taylor-2\/","name":"TULLY - eSklep Kaledonia","isPartOf":{"@id":"https:\/\/kaledonia.com.pl\/sklep\/#website"},"datePublished":"2025-06-27T07:31:46+00:00","dateModified":"2026-02-09T10:31:02+00:00","description":"Prosta, mu\u015blinowa suknia o kroju lekkiej litery A. G\u00f3rna cz\u0119\u015b\u0107 sukni zosta\u0142a wykonana zE zdobionej koronki, kt\u00f3ra przyci\u0105ga uwag\u0119 swoim wyko\u0144czeniem.","breadcrumb":{"@id":"https:\/\/kaledonia.com.pl\/sklep\/produkt\/taylor-2\/#breadcrumb"},"inLanguage":"pl-PL","potentialAction":[{"@type":"ReadAction","target":["https:\/\/kaledonia.com.pl\/sklep\/produkt\/taylor-2\/"]}]},{"@type":"BreadcrumbList","@id":"https:\/\/kaledonia.com.pl\/sklep\/produkt\/taylor-2\/#breadcrumb","itemListElement":[{"@type":"ListItem","position":1,"name":"Home","item":"https:\/\/kaledonia.com.pl\/sklep\/"},{"@type":"ListItem","position":2,"name":"Sklep","item":"https:\/\/kaledonia.com.pl\/sklep\/sklep\/"},{"@type":"ListItem","position":3,"name":"TULLY"}]},{"@type":"WebSite","@id":"https:\/\/kaledonia.com.pl\/sklep\/#website","url":"https:\/\/kaledonia.com.pl\/sklep\/","name":"eSklep Kaledonia","description":"","publisher":{"@id":"https:\/\/kaledonia.com.pl\/sklep\/#organization"},"potentialAction":[{"@type":"SearchAction","target":{"@type":"EntryPoint","urlTemplate":"https:\/\/kaledonia.com.pl\/sklep\/?s={search_term_string}"},"query-input":"required name=search_term_string"}],"inLanguage":"pl-PL"},{"@type":"Organization","@id":"https:\/\/kaledonia.com.pl\/sklep\/#organization","name":"Kaledonia","url":"https:\/\/kaledonia.com.pl\/sklep\/","logo":{"@type":"ImageObject","inLanguage":"pl-PL","@id":"https:\/\/kaledonia.com.pl\/sklep\/#\/schema\/logo\/image\/","url":"https:\/\/kaledonia.com.pl\/sklep\/wp-content\/uploads\/2023\/02\/Kaledonia-Logo-Black_byEH.png","contentUrl":"https:\/\/kaledonia.com.pl\/sklep\/wp-content\/uploads\/2023\/02\/Kaledonia-Logo-Black_byEH.png","width":283,"height":120,"caption":"Kaledonia"},"image":{"@id":"https:\/\/kaledonia.com.pl\/sklep\/#\/schema\/logo\/image\/"},"sameAs":["https:\/\/www.facebook.com\/SuknieSlubneKaledonia","https:\/\/www.instagram.com\/suknieslubnekaledonia\/"]}]}},"_links":{"self":[{"href":"https:\/\/kaledonia.com.pl\/sklep\/wp-json\/wp\/v2\/product\/1249"}],"collection":[{"href":"https:\/\/kaledonia.com.pl\/sklep\/wp-json\/wp\/v2\/product"}],"about":[{"href":"https:\/\/kaledonia.com.pl\/sklep\/wp-json\/wp\/v2\/types\/product"}],"replies":[{"embeddable":true,"href":"https:\/\/kaledonia.com.pl\/sklep\/wp-json\/wp\/v2\/comments?post=1249"}],"wp:featuredmedia":[{"embeddable":true,"href":"https:\/\/kaledonia.com.pl\/sklep\/wp-json\/wp\/v2\/media\/1251"}],"wp:attachment":[{"href":"https:\/\/kaledonia.com.pl\/sklep\/wp-json\/wp\/v2\/media?parent=1249"}],"wp:term":[{"taxonomy":"product_cat","embeddable":true,"href":"https:\/\/kaledonia.com.pl\/sklep\/wp-json\/wp\/v2\/product_cat?post=1249"},{"taxonomy":"product_tag","embeddable":true,"href":"https:\/\/kaledonia.com.pl\/sklep\/wp-json\/wp\/v2\/product_tag?post=1249"}],"curies":[{"name":"wp","href":"https:\/\/api.w.org\/{rel}","templated":true}]}}