{"id":51,"date":"2023-04-20T19:09:59","date_gmt":"2023-04-20T17:09:59","guid":{"rendered":"https:\/\/kaledonia.com.pl\/sklep\/?post_type=product&#038;p=51"},"modified":"2023-08-11T07:10:56","modified_gmt":"2023-08-11T05:10:56","slug":"skyler","status":"publish","type":"product","link":"https:\/\/kaledonia.com.pl\/sklep\/produkt\/skyler\/","title":{"rendered":"Skyler"},"content":{"rendered":"<p><strong>Skyler<\/strong> to suknia \u015blubna dla Panien M\u0142odych, kt\u00f3re marz\u0105 o kreacji w typie princeski, z mocnym, koralikowym akcentem.<br \/>\nPopularny fason literki A w tym modelu, posiada nieco bardziej rozbudowan\u0105 sp\u00f3dnic\u0119.<\/p>\n<p>G\u00f3ra sukni to po\u0142\u0105czenie oryginalnej, bogato zdobionej koralikami koronki, w odcieniu \u015bmietankowej bieli oraz mi\u0119kkiej, cielistej siateczki.<br \/>\nTen typ konstrukcji gwarantuje pe\u0142n\u0105 swobod\u0119 ruchu oraz idealne dopasowanie gorsetu do sylwetki.<br \/>\nSuknia subtelnie podkre\u015bla urod\u0119 w\u0142a\u015bcicielki,\u00a0odkrywaj\u0105c lini\u0119 ramion i pi\u0119knie zarysowane obojczyki.<br \/>\nZ przodu kreacji pojawia si\u0119 delikatny, kobiecy dekolt w kszta\u0142cie literki V. Ty\u0142 natomiast, zosta\u0142 dodatkowo ozdobiony d\u0142ugim rz\u0119dem per\u0142owych guziczk\u00f3w.<\/p>\n<p>D\u00f3\u0142 sukni to pi\u0119kna, delikatnie po\u0142yskuj\u0105ca, ksi\u0119\u017cniczkowa sp\u00f3dnica.<br \/>\nWyr\u00f3\u017cnia si\u0119 niezwykle modnym w tym sezonie, efektem jasnor\u00f3\u017cowego ombre, uzyskanym przez po\u0142\u0105czenie tkanin w kolorze ivory z odcieniami light rose.<\/p>\n<p><strong>Prezentowana suknia dost\u0119pna jest wy\u0142\u0105cznie poprzez sprzeda\u017c internetow\u0105.<br \/>\nOferta dotyczy wy\u0142\u0105cznie\u00a0produktu szytego na indywidualny wymiar i nie podlega zwrotowi.<br \/>\nW celu realizacji zam\u00f3wienia niezb\u0119dny jest kontakt\u00a0mailowy z nami i uzgodnienie wymiar\u00f3w.<br \/>\nCzas realizacji do 10 dni roboczych<\/strong><\/p>\n<p><strong>Cena modelu Skyler w oryginale wynosi: 1700 z\u0142<\/strong><\/p>\n<p><em>Dokonuj\u0105c zakupu akceptujesz warunki oferty.<\/em><\/p>\n<p>Po\u0142\u0105cz\u00a0 2 w 1 i stw\u00f3rz swoj\u0105 idealn\u0105 sukni\u0119 \u015blubn\u0105!*<br \/>\n<strong>Gorset: 950 z\u0142<\/strong><br \/>\n<strong>Sp\u00f3dnica: 750 z\u0142<\/strong><br \/>\n<em>*Sukni\u0119 mo\u017cna dowolnie modyfikowa\u0107, poprzez po\u0142\u0105czenie dowolnego gorsetu z wybran\u0105 sp\u00f3dnic\u0105, z kolekcji Economic Bride. W ten spos\u00f3b stworzysz swoj\u0105 jedyn\u0105, niepowtarzaln\u0105 kreacj\u0119.<\/em><\/p>\n<p><strong>Chcesz kupi\u0107 sukni\u0119 on-line? Skontaktuj si\u0119 z nami pod numerem: 577190790<br \/>\nOm\u00f3wimy szczeg\u00f3\u0142y zam\u00f3wienia i uszyjemy Twoj\u0105 wymarzon\u0105 sukni\u0119 \u015blubn\u0105 na miar\u0119!<br \/>\nAdres e-mail: biuro@kaledonia.pl<\/strong><\/p>\n","protected":false},"excerpt":{"rendered":"<p>Skyler to suknia \u015blubna dla Panien M\u0142odych, kt\u00f3re marz\u0105 o kreacji w typie princeski, z mocnym, koralikowym akcentem. Popularny fason literki A w tym modelu, posiada nieco bardziej rozbudowan\u0105 sp\u00f3dnic\u0119. G\u00f3ra sukni to po\u0142\u0105czenie oryginalnej, bogato zdobionej koralikami koronki, w odcieniu \u015bmietankowej bieli oraz mi\u0119kkiej, cielistej siateczki. Ten typ konstrukcji gwarantuje pe\u0142n\u0105 swobod\u0119 ruchu oraz [&#8230;]\n","protected":false},"featured_media":81,"comment_status":"closed","ping_status":"closed","template":"","meta":[],"product_cat":[16],"product_tag":[21,28],"yoast_head":"<!-- This site is optimized with the Yoast SEO Premium plugin v20.1 (Yoast SEO v21.7) - https:\/\/yoast.com\/wordpress\/plugins\/seo\/ -->\n<title>Skyler - eSklep Kaledonia<\/title>\n<meta name=\"description\" content=\"o suknia \u015blubna dla Panien M\u0142odych, kt\u00f3re marz\u0105 o kreacji w typie princeski, z mocnym, koralikowym akcentem. Popularny fason literki A\" \/>\n<meta name=\"robots\" content=\"index, follow, max-snippet:-1, max-image-preview:large, max-video-preview:-1\" \/>\n<link rel=\"canonical\" href=\"https:\/\/kaledonia.com.pl\/sklep\/produkt\/skyler\/\" \/>\n<meta property=\"og:locale\" content=\"pl_PL\" \/>\n<meta property=\"og:type\" content=\"article\" \/>\n<meta property=\"og:title\" content=\"Skyler\" \/>\n<meta property=\"og:description\" content=\"o suknia \u015blubna dla Panien M\u0142odych, kt\u00f3re marz\u0105 o kreacji w typie princeski, z mocnym, koralikowym akcentem. Popularny fason literki A\" \/>\n<meta property=\"og:url\" content=\"https:\/\/kaledonia.com.pl\/sklep\/produkt\/skyler\/\" \/>\n<meta property=\"og:site_name\" content=\"eSklep Kaledonia\" \/>\n<meta property=\"article:publisher\" content=\"https:\/\/www.facebook.com\/SuknieSlubneKaledonia\" \/>\n<meta property=\"article:modified_time\" content=\"2023-08-11T05:10:56+00:00\" \/>\n<meta property=\"og:image\" content=\"https:\/\/kaledonia.com.pl\/sklep\/wp-content\/uploads\/2023\/04\/SKYLER-a.jpg\" \/>\n\t<meta property=\"og:image:width\" content=\"822\" \/>\n\t<meta property=\"og:image:height\" content=\"1232\" \/>\n\t<meta property=\"og:image:type\" content=\"image\/jpeg\" \/>\n<meta name=\"twitter:card\" content=\"summary_large_image\" \/>\n<meta name=\"twitter:label1\" content=\"Szacowany czas czytania\" \/>\n\t<meta name=\"twitter:data1\" content=\"2 minuty\" \/>\n<script type=\"application\/ld+json\" class=\"yoast-schema-graph\">{\"@context\":\"https:\/\/schema.org\",\"@graph\":[{\"@type\":\"WebPage\",\"@id\":\"https:\/\/kaledonia.com.pl\/sklep\/produkt\/skyler\/\",\"url\":\"https:\/\/kaledonia.com.pl\/sklep\/produkt\/skyler\/\",\"name\":\"Skyler - eSklep Kaledonia\",\"isPartOf\":{\"@id\":\"https:\/\/kaledonia.com.pl\/sklep\/#website\"},\"datePublished\":\"2023-04-20T17:09:59+00:00\",\"dateModified\":\"2023-08-11T05:10:56+00:00\",\"description\":\"o suknia \u015blubna dla Panien M\u0142odych, kt\u00f3re marz\u0105 o kreacji w typie princeski, z mocnym, koralikowym akcentem. Popularny fason literki A\",\"breadcrumb\":{\"@id\":\"https:\/\/kaledonia.com.pl\/sklep\/produkt\/skyler\/#breadcrumb\"},\"inLanguage\":\"pl-PL\",\"potentialAction\":[{\"@type\":\"ReadAction\",\"target\":[\"https:\/\/kaledonia.com.pl\/sklep\/produkt\/skyler\/\"]}]},{\"@type\":\"BreadcrumbList\",\"@id\":\"https:\/\/kaledonia.com.pl\/sklep\/produkt\/skyler\/#breadcrumb\",\"itemListElement\":[{\"@type\":\"ListItem\",\"position\":1,\"name\":\"Home\",\"item\":\"https:\/\/kaledonia.com.pl\/sklep\/\"},{\"@type\":\"ListItem\",\"position\":2,\"name\":\"Sklep\",\"item\":\"https:\/\/kaledonia.com.pl\/sklep\/sklep\/\"},{\"@type\":\"ListItem\",\"position\":3,\"name\":\"Skyler\"}]},{\"@type\":\"WebSite\",\"@id\":\"https:\/\/kaledonia.com.pl\/sklep\/#website\",\"url\":\"https:\/\/kaledonia.com.pl\/sklep\/\",\"name\":\"eSklep Kaledonia\",\"description\":\"\",\"publisher\":{\"@id\":\"https:\/\/kaledonia.com.pl\/sklep\/#organization\"},\"potentialAction\":[{\"@type\":\"SearchAction\",\"target\":{\"@type\":\"EntryPoint\",\"urlTemplate\":\"https:\/\/kaledonia.com.pl\/sklep\/?s={search_term_string}\"},\"query-input\":\"required name=search_term_string\"}],\"inLanguage\":\"pl-PL\"},{\"@type\":\"Organization\",\"@id\":\"https:\/\/kaledonia.com.pl\/sklep\/#organization\",\"name\":\"Kaledonia\",\"url\":\"https:\/\/kaledonia.com.pl\/sklep\/\",\"logo\":{\"@type\":\"ImageObject\",\"inLanguage\":\"pl-PL\",\"@id\":\"https:\/\/kaledonia.com.pl\/sklep\/#\/schema\/logo\/image\/\",\"url\":\"https:\/\/kaledonia.com.pl\/sklep\/wp-content\/uploads\/2023\/02\/Kaledonia-Logo-Black_byEH.png\",\"contentUrl\":\"https:\/\/kaledonia.com.pl\/sklep\/wp-content\/uploads\/2023\/02\/Kaledonia-Logo-Black_byEH.png\",\"width\":283,\"height\":120,\"caption\":\"Kaledonia\"},\"image\":{\"@id\":\"https:\/\/kaledonia.com.pl\/sklep\/#\/schema\/logo\/image\/\"},\"sameAs\":[\"https:\/\/www.facebook.com\/SuknieSlubneKaledonia\",\"https:\/\/www.instagram.com\/suknieslubnekaledonia\/\"]}]}<\/script>\n<!-- \/ Yoast SEO Premium plugin. -->","yoast_head_json":{"title":"Skyler - eSklep Kaledonia","description":"o suknia \u015blubna dla Panien M\u0142odych, kt\u00f3re marz\u0105 o kreacji w typie princeski, z mocnym, koralikowym akcentem. Popularny fason literki A","robots":{"index":"index","follow":"follow","max-snippet":"max-snippet:-1","max-image-preview":"max-image-preview:large","max-video-preview":"max-video-preview:-1"},"canonical":"https:\/\/kaledonia.com.pl\/sklep\/produkt\/skyler\/","og_locale":"pl_PL","og_type":"article","og_title":"Skyler","og_description":"o suknia \u015blubna dla Panien M\u0142odych, kt\u00f3re marz\u0105 o kreacji w typie princeski, z mocnym, koralikowym akcentem. Popularny fason literki A","og_url":"https:\/\/kaledonia.com.pl\/sklep\/produkt\/skyler\/","og_site_name":"eSklep Kaledonia","article_publisher":"https:\/\/www.facebook.com\/SuknieSlubneKaledonia","article_modified_time":"2023-08-11T05:10:56+00:00","og_image":[{"width":822,"height":1232,"url":"https:\/\/kaledonia.com.pl\/sklep\/wp-content\/uploads\/2023\/04\/SKYLER-a.jpg","type":"image\/jpeg"}],"twitter_card":"summary_large_image","twitter_misc":{"Szacowany czas czytania":"2 minuty"},"schema":{"@context":"https:\/\/schema.org","@graph":[{"@type":"WebPage","@id":"https:\/\/kaledonia.com.pl\/sklep\/produkt\/skyler\/","url":"https:\/\/kaledonia.com.pl\/sklep\/produkt\/skyler\/","name":"Skyler - eSklep Kaledonia","isPartOf":{"@id":"https:\/\/kaledonia.com.pl\/sklep\/#website"},"datePublished":"2023-04-20T17:09:59+00:00","dateModified":"2023-08-11T05:10:56+00:00","description":"o suknia \u015blubna dla Panien M\u0142odych, kt\u00f3re marz\u0105 o kreacji w typie princeski, z mocnym, koralikowym akcentem. Popularny fason literki A","breadcrumb":{"@id":"https:\/\/kaledonia.com.pl\/sklep\/produkt\/skyler\/#breadcrumb"},"inLanguage":"pl-PL","potentialAction":[{"@type":"ReadAction","target":["https:\/\/kaledonia.com.pl\/sklep\/produkt\/skyler\/"]}]},{"@type":"BreadcrumbList","@id":"https:\/\/kaledonia.com.pl\/sklep\/produkt\/skyler\/#breadcrumb","itemListElement":[{"@type":"ListItem","position":1,"name":"Home","item":"https:\/\/kaledonia.com.pl\/sklep\/"},{"@type":"ListItem","position":2,"name":"Sklep","item":"https:\/\/kaledonia.com.pl\/sklep\/sklep\/"},{"@type":"ListItem","position":3,"name":"Skyler"}]},{"@type":"WebSite","@id":"https:\/\/kaledonia.com.pl\/sklep\/#website","url":"https:\/\/kaledonia.com.pl\/sklep\/","name":"eSklep Kaledonia","description":"","publisher":{"@id":"https:\/\/kaledonia.com.pl\/sklep\/#organization"},"potentialAction":[{"@type":"SearchAction","target":{"@type":"EntryPoint","urlTemplate":"https:\/\/kaledonia.com.pl\/sklep\/?s={search_term_string}"},"query-input":"required name=search_term_string"}],"inLanguage":"pl-PL"},{"@type":"Organization","@id":"https:\/\/kaledonia.com.pl\/sklep\/#organization","name":"Kaledonia","url":"https:\/\/kaledonia.com.pl\/sklep\/","logo":{"@type":"ImageObject","inLanguage":"pl-PL","@id":"https:\/\/kaledonia.com.pl\/sklep\/#\/schema\/logo\/image\/","url":"https:\/\/kaledonia.com.pl\/sklep\/wp-content\/uploads\/2023\/02\/Kaledonia-Logo-Black_byEH.png","contentUrl":"https:\/\/kaledonia.com.pl\/sklep\/wp-content\/uploads\/2023\/02\/Kaledonia-Logo-Black_byEH.png","width":283,"height":120,"caption":"Kaledonia"},"image":{"@id":"https:\/\/kaledonia.com.pl\/sklep\/#\/schema\/logo\/image\/"},"sameAs":["https:\/\/www.facebook.com\/SuknieSlubneKaledonia","https:\/\/www.instagram.com\/suknieslubnekaledonia\/"]}]}},"_links":{"self":[{"href":"https:\/\/kaledonia.com.pl\/sklep\/wp-json\/wp\/v2\/product\/51"}],"collection":[{"href":"https:\/\/kaledonia.com.pl\/sklep\/wp-json\/wp\/v2\/product"}],"about":[{"href":"https:\/\/kaledonia.com.pl\/sklep\/wp-json\/wp\/v2\/types\/product"}],"replies":[{"embeddable":true,"href":"https:\/\/kaledonia.com.pl\/sklep\/wp-json\/wp\/v2\/comments?post=51"}],"wp:featuredmedia":[{"embeddable":true,"href":"https:\/\/kaledonia.com.pl\/sklep\/wp-json\/wp\/v2\/media\/81"}],"wp:attachment":[{"href":"https:\/\/kaledonia.com.pl\/sklep\/wp-json\/wp\/v2\/media?parent=51"}],"wp:term":[{"taxonomy":"product_cat","embeddable":true,"href":"https:\/\/kaledonia.com.pl\/sklep\/wp-json\/wp\/v2\/product_cat?post=51"},{"taxonomy":"product_tag","embeddable":true,"href":"https:\/\/kaledonia.com.pl\/sklep\/wp-json\/wp\/v2\/product_tag?post=51"}],"curies":[{"name":"wp","href":"https:\/\/api.w.org\/{rel}","templated":true}]}}