{"id":52,"date":"2023-04-20T19:09:59","date_gmt":"2023-04-20T17:09:59","guid":{"rendered":"https:\/\/kaledonia.com.pl\/sklep\/?post_type=product&#038;p=52"},"modified":"2023-08-11T07:09:37","modified_gmt":"2023-08-11T05:09:37","slug":"pearl","status":"publish","type":"product","link":"https:\/\/kaledonia.com.pl\/sklep\/produkt\/pearl\/","title":{"rendered":"Pearl"},"content":{"rendered":"<p><strong>Pearl<\/strong> to kreacja dla mi\u0142o\u015bniczek lekkich sukien \u015blubnych, o dziewcz\u0119cym charakterze.<br \/>\nPrezentowany model, o prostym i eleganckim kroju klasycznej literki A, sk\u0142ada si\u0119 z delikatnej koronki i zwiewnych tkanin, w kolorze \u015bmietankowej bieli.<br \/>\nSuknia Pearl, jest niezwykle romantyczn\u0105 propozycj\u0105 w rustykalnym stylu.\u00a0Sprawdzi si\u0119 idealnie podczas letniego przyj\u0119cia.<\/p>\n<p>G\u00f3ra sukni z wygodnymi, szerokimi szeleczkami, uszyta zosta\u0142a z bawe\u0142nianej koronki o drobnym, kwiatowym wzorze, z dodatkiem cekin\u00f3w.<br \/>\nNa przodzie mamy subtelny dekolt w kszta\u0142cie literki V. Brzegi gorsetu, wzd\u0142u\u017c szeleczek, zosta\u0142y obszyte subtelnym paseczkiem, kt\u00f3ry podkre\u015bla r\u00f3wnie\u017c tali\u0119.<br \/>\nTy\u0142 sukni to pi\u0119knie zaakcentowane, lekko ods\u0142oni\u0119te plecy z wyci\u0119ciem do kszta\u0142tu V. Prze\u015bwity w koronce idealnie wydobywaj\u0105 jej malowniczy wz\u00f3r na sk\u00f3rze.<\/p>\n<p>D\u00f3\u0142 modelu Pearl to d\u0142uga, op\u0142ywaj\u0105ca biodra sp\u00f3dnica.<br \/>\nLekka kompozycja, wysokiej jako\u015bci tkanin, od mi\u0119kkiej satyny po szlachetny i zwiewny szyfon, delikatnie rozszerza si\u0119 ku do\u0142owi, dzi\u0119ki czemu fason sukni wyd\u0142u\u017ca sylwetk\u0119 i kreacja pi\u0119knie si\u0119 uk\u0142ada.<\/p>\n<p>Suknia \u015blubna Pearl wyr\u00f3\u017cnia si\u0119 niesamowicie wygodnym krojem, zapewniaj\u0105c pe\u0142n\u0105 swobod\u0119 ruchu. Stanowi te\u017c idealn\u0105 baz\u0119 dla dodatk\u00f3w \u015blubnych, dzi\u0119ki czemu mo\u017cna j\u0105 perfekcyjnie dopasowa\u0107 do charakteru przyj\u0119cia.<\/p>\n<p><strong>Prezentowana suknia dost\u0119pna jest wy\u0142\u0105cznie poprzez sprzeda\u017c internetow\u0105.<br \/>\nOferta dotyczy wy\u0142\u0105cznie\u00a0produktu szytego na indywidualny wymiar i nie podlega zwrotowi.<br \/>\nW celu realizacji zam\u00f3wienia niezb\u0119dny jest kontakt\u00a0mailowy z nami i uzgodnienie wymiar\u00f3w.<br \/>\nCzas realizacji do 10 dni roboczych<\/strong><\/p>\n<p><strong>Cena modelu Pearl w oryginale wynosi: 1650 z\u0142<\/strong><\/p>\n<p><em>Dokonuj\u0105c zakupu akceptujesz warunki oferty.<\/em><\/p>\n<p>Po\u0142\u0105cz\u00a0 2 w 1 i stw\u00f3rz swoj\u0105 idealn\u0105 sukni\u0119 \u015blubn\u0105!*<br \/>\n<strong>Gorset: 950 z\u0142<\/strong><br \/>\n<strong>Sp\u00f3dnica: 700 z\u0142<\/strong><br \/>\n<em>*Sukni\u0119 mo\u017cna dowolnie modyfikowa\u0107, poprzez po\u0142\u0105czenie dowolnego gorsetu z wybran\u0105 sp\u00f3dnic\u0105, z kolekcji Economic Bride. W ten spos\u00f3b stworzysz swoj\u0105 jedyn\u0105, niepowtarzaln\u0105 kreacj\u0119.<\/em><\/p>\n<p><strong>Chcesz kupi\u0107 sukni\u0119 on-line? Skontaktuj si\u0119 z nami pod numerem: 577190790<br \/>\nOm\u00f3wimy szczeg\u00f3\u0142y zam\u00f3wienia i uszyjemy Twoj\u0105 wymarzon\u0105 sukni\u0119 \u015blubn\u0105 na miar\u0119!<br \/>\n<\/strong><strong>Adres e-mail: biuro@kaledonia.pl<\/strong><\/p>\n","protected":false},"excerpt":{"rendered":"<p>Pearl to kreacja dla mi\u0142o\u015bniczek lekkich sukien \u015blubnych, o dziewcz\u0119cym charakterze. Prezentowany model, o prostym i eleganckim kroju klasycznej literki A, sk\u0142ada si\u0119 z delikatnej koronki i zwiewnych tkanin, w kolorze \u015bmietankowej bieli. Suknia Pearl, jest niezwykle romantyczn\u0105 propozycj\u0105 w rustykalnym stylu.\u00a0Sprawdzi si\u0119 idealnie podczas letniego przyj\u0119cia. G\u00f3ra sukni z wygodnymi, szerokimi szeleczkami, uszyta zosta\u0142a [&#8230;]\n","protected":false},"featured_media":83,"comment_status":"closed","ping_status":"closed","template":"","meta":[],"product_cat":[16],"product_tag":[21,32,31],"yoast_head":"<!-- This site is optimized with the Yoast SEO Premium plugin v20.1 (Yoast SEO v21.7) - https:\/\/yoast.com\/wordpress\/plugins\/seo\/ -->\n<title>Pearl - eSklep Kaledonia<\/title>\n<meta name=\"description\" content=\"to kreacja dla mi\u0142o\u015bniczek lekkich sukien \u015blubnych, o dziewcz\u0119cym charakterze. Prezentowany model, o prostym i eleganckim kroju klasycznej literki A\" \/>\n<meta name=\"robots\" content=\"index, follow, max-snippet:-1, max-image-preview:large, max-video-preview:-1\" \/>\n<link rel=\"canonical\" href=\"https:\/\/kaledonia.com.pl\/sklep\/produkt\/pearl\/\" \/>\n<meta property=\"og:locale\" content=\"pl_PL\" \/>\n<meta property=\"og:type\" content=\"article\" \/>\n<meta property=\"og:title\" content=\"Pearl\" \/>\n<meta property=\"og:description\" content=\"to kreacja dla mi\u0142o\u015bniczek lekkich sukien \u015blubnych, o dziewcz\u0119cym charakterze. Prezentowany model, o prostym i eleganckim kroju klasycznej literki A\" \/>\n<meta property=\"og:url\" content=\"https:\/\/kaledonia.com.pl\/sklep\/produkt\/pearl\/\" \/>\n<meta property=\"og:site_name\" content=\"eSklep Kaledonia\" \/>\n<meta property=\"article:publisher\" content=\"https:\/\/www.facebook.com\/SuknieSlubneKaledonia\" \/>\n<meta property=\"article:modified_time\" content=\"2023-08-11T05:09:37+00:00\" \/>\n<meta property=\"og:image\" content=\"https:\/\/kaledonia.com.pl\/sklep\/wp-content\/uploads\/2023\/04\/PEARL-a.jpg\" \/>\n\t<meta property=\"og:image:width\" content=\"797\" \/>\n\t<meta property=\"og:image:height\" content=\"1195\" \/>\n\t<meta property=\"og:image:type\" content=\"image\/jpeg\" \/>\n<meta name=\"twitter:card\" content=\"summary_large_image\" \/>\n<meta name=\"twitter:label1\" content=\"Szacowany czas czytania\" \/>\n\t<meta name=\"twitter:data1\" content=\"2 minuty\" \/>\n<script type=\"application\/ld+json\" class=\"yoast-schema-graph\">{\"@context\":\"https:\/\/schema.org\",\"@graph\":[{\"@type\":\"WebPage\",\"@id\":\"https:\/\/kaledonia.com.pl\/sklep\/produkt\/pearl\/\",\"url\":\"https:\/\/kaledonia.com.pl\/sklep\/produkt\/pearl\/\",\"name\":\"Pearl - eSklep Kaledonia\",\"isPartOf\":{\"@id\":\"https:\/\/kaledonia.com.pl\/sklep\/#website\"},\"datePublished\":\"2023-04-20T17:09:59+00:00\",\"dateModified\":\"2023-08-11T05:09:37+00:00\",\"description\":\"to kreacja dla mi\u0142o\u015bniczek lekkich sukien \u015blubnych, o dziewcz\u0119cym charakterze. Prezentowany model, o prostym i eleganckim kroju klasycznej literki A\",\"breadcrumb\":{\"@id\":\"https:\/\/kaledonia.com.pl\/sklep\/produkt\/pearl\/#breadcrumb\"},\"inLanguage\":\"pl-PL\",\"potentialAction\":[{\"@type\":\"ReadAction\",\"target\":[\"https:\/\/kaledonia.com.pl\/sklep\/produkt\/pearl\/\"]}]},{\"@type\":\"BreadcrumbList\",\"@id\":\"https:\/\/kaledonia.com.pl\/sklep\/produkt\/pearl\/#breadcrumb\",\"itemListElement\":[{\"@type\":\"ListItem\",\"position\":1,\"name\":\"Home\",\"item\":\"https:\/\/kaledonia.com.pl\/sklep\/\"},{\"@type\":\"ListItem\",\"position\":2,\"name\":\"Sklep\",\"item\":\"https:\/\/kaledonia.com.pl\/sklep\/sklep\/\"},{\"@type\":\"ListItem\",\"position\":3,\"name\":\"Pearl\"}]},{\"@type\":\"WebSite\",\"@id\":\"https:\/\/kaledonia.com.pl\/sklep\/#website\",\"url\":\"https:\/\/kaledonia.com.pl\/sklep\/\",\"name\":\"eSklep Kaledonia\",\"description\":\"\",\"publisher\":{\"@id\":\"https:\/\/kaledonia.com.pl\/sklep\/#organization\"},\"potentialAction\":[{\"@type\":\"SearchAction\",\"target\":{\"@type\":\"EntryPoint\",\"urlTemplate\":\"https:\/\/kaledonia.com.pl\/sklep\/?s={search_term_string}\"},\"query-input\":\"required name=search_term_string\"}],\"inLanguage\":\"pl-PL\"},{\"@type\":\"Organization\",\"@id\":\"https:\/\/kaledonia.com.pl\/sklep\/#organization\",\"name\":\"Kaledonia\",\"url\":\"https:\/\/kaledonia.com.pl\/sklep\/\",\"logo\":{\"@type\":\"ImageObject\",\"inLanguage\":\"pl-PL\",\"@id\":\"https:\/\/kaledonia.com.pl\/sklep\/#\/schema\/logo\/image\/\",\"url\":\"https:\/\/kaledonia.com.pl\/sklep\/wp-content\/uploads\/2023\/02\/Kaledonia-Logo-Black_byEH.png\",\"contentUrl\":\"https:\/\/kaledonia.com.pl\/sklep\/wp-content\/uploads\/2023\/02\/Kaledonia-Logo-Black_byEH.png\",\"width\":283,\"height\":120,\"caption\":\"Kaledonia\"},\"image\":{\"@id\":\"https:\/\/kaledonia.com.pl\/sklep\/#\/schema\/logo\/image\/\"},\"sameAs\":[\"https:\/\/www.facebook.com\/SuknieSlubneKaledonia\",\"https:\/\/www.instagram.com\/suknieslubnekaledonia\/\"]}]}<\/script>\n<!-- \/ Yoast SEO Premium plugin. -->","yoast_head_json":{"title":"Pearl - eSklep Kaledonia","description":"to kreacja dla mi\u0142o\u015bniczek lekkich sukien \u015blubnych, o dziewcz\u0119cym charakterze. Prezentowany model, o prostym i eleganckim kroju klasycznej literki A","robots":{"index":"index","follow":"follow","max-snippet":"max-snippet:-1","max-image-preview":"max-image-preview:large","max-video-preview":"max-video-preview:-1"},"canonical":"https:\/\/kaledonia.com.pl\/sklep\/produkt\/pearl\/","og_locale":"pl_PL","og_type":"article","og_title":"Pearl","og_description":"to kreacja dla mi\u0142o\u015bniczek lekkich sukien \u015blubnych, o dziewcz\u0119cym charakterze. Prezentowany model, o prostym i eleganckim kroju klasycznej literki A","og_url":"https:\/\/kaledonia.com.pl\/sklep\/produkt\/pearl\/","og_site_name":"eSklep Kaledonia","article_publisher":"https:\/\/www.facebook.com\/SuknieSlubneKaledonia","article_modified_time":"2023-08-11T05:09:37+00:00","og_image":[{"width":797,"height":1195,"url":"https:\/\/kaledonia.com.pl\/sklep\/wp-content\/uploads\/2023\/04\/PEARL-a.jpg","type":"image\/jpeg"}],"twitter_card":"summary_large_image","twitter_misc":{"Szacowany czas czytania":"2 minuty"},"schema":{"@context":"https:\/\/schema.org","@graph":[{"@type":"WebPage","@id":"https:\/\/kaledonia.com.pl\/sklep\/produkt\/pearl\/","url":"https:\/\/kaledonia.com.pl\/sklep\/produkt\/pearl\/","name":"Pearl - eSklep Kaledonia","isPartOf":{"@id":"https:\/\/kaledonia.com.pl\/sklep\/#website"},"datePublished":"2023-04-20T17:09:59+00:00","dateModified":"2023-08-11T05:09:37+00:00","description":"to kreacja dla mi\u0142o\u015bniczek lekkich sukien \u015blubnych, o dziewcz\u0119cym charakterze. Prezentowany model, o prostym i eleganckim kroju klasycznej literki A","breadcrumb":{"@id":"https:\/\/kaledonia.com.pl\/sklep\/produkt\/pearl\/#breadcrumb"},"inLanguage":"pl-PL","potentialAction":[{"@type":"ReadAction","target":["https:\/\/kaledonia.com.pl\/sklep\/produkt\/pearl\/"]}]},{"@type":"BreadcrumbList","@id":"https:\/\/kaledonia.com.pl\/sklep\/produkt\/pearl\/#breadcrumb","itemListElement":[{"@type":"ListItem","position":1,"name":"Home","item":"https:\/\/kaledonia.com.pl\/sklep\/"},{"@type":"ListItem","position":2,"name":"Sklep","item":"https:\/\/kaledonia.com.pl\/sklep\/sklep\/"},{"@type":"ListItem","position":3,"name":"Pearl"}]},{"@type":"WebSite","@id":"https:\/\/kaledonia.com.pl\/sklep\/#website","url":"https:\/\/kaledonia.com.pl\/sklep\/","name":"eSklep Kaledonia","description":"","publisher":{"@id":"https:\/\/kaledonia.com.pl\/sklep\/#organization"},"potentialAction":[{"@type":"SearchAction","target":{"@type":"EntryPoint","urlTemplate":"https:\/\/kaledonia.com.pl\/sklep\/?s={search_term_string}"},"query-input":"required name=search_term_string"}],"inLanguage":"pl-PL"},{"@type":"Organization","@id":"https:\/\/kaledonia.com.pl\/sklep\/#organization","name":"Kaledonia","url":"https:\/\/kaledonia.com.pl\/sklep\/","logo":{"@type":"ImageObject","inLanguage":"pl-PL","@id":"https:\/\/kaledonia.com.pl\/sklep\/#\/schema\/logo\/image\/","url":"https:\/\/kaledonia.com.pl\/sklep\/wp-content\/uploads\/2023\/02\/Kaledonia-Logo-Black_byEH.png","contentUrl":"https:\/\/kaledonia.com.pl\/sklep\/wp-content\/uploads\/2023\/02\/Kaledonia-Logo-Black_byEH.png","width":283,"height":120,"caption":"Kaledonia"},"image":{"@id":"https:\/\/kaledonia.com.pl\/sklep\/#\/schema\/logo\/image\/"},"sameAs":["https:\/\/www.facebook.com\/SuknieSlubneKaledonia","https:\/\/www.instagram.com\/suknieslubnekaledonia\/"]}]}},"_links":{"self":[{"href":"https:\/\/kaledonia.com.pl\/sklep\/wp-json\/wp\/v2\/product\/52"}],"collection":[{"href":"https:\/\/kaledonia.com.pl\/sklep\/wp-json\/wp\/v2\/product"}],"about":[{"href":"https:\/\/kaledonia.com.pl\/sklep\/wp-json\/wp\/v2\/types\/product"}],"replies":[{"embeddable":true,"href":"https:\/\/kaledonia.com.pl\/sklep\/wp-json\/wp\/v2\/comments?post=52"}],"wp:featuredmedia":[{"embeddable":true,"href":"https:\/\/kaledonia.com.pl\/sklep\/wp-json\/wp\/v2\/media\/83"}],"wp:attachment":[{"href":"https:\/\/kaledonia.com.pl\/sklep\/wp-json\/wp\/v2\/media?parent=52"}],"wp:term":[{"taxonomy":"product_cat","embeddable":true,"href":"https:\/\/kaledonia.com.pl\/sklep\/wp-json\/wp\/v2\/product_cat?post=52"},{"taxonomy":"product_tag","embeddable":true,"href":"https:\/\/kaledonia.com.pl\/sklep\/wp-json\/wp\/v2\/product_tag?post=52"}],"curies":[{"name":"wp","href":"https:\/\/api.w.org\/{rel}","templated":true}]}}