{"id":57,"date":"2023-04-20T19:09:59","date_gmt":"2023-04-20T17:09:59","guid":{"rendered":"https:\/\/kaledonia.com.pl\/sklep\/?post_type=product&#038;p=57"},"modified":"2024-04-28T22:12:05","modified_gmt":"2024-04-28T20:12:05","slug":"madison","status":"publish","type":"product","link":"https:\/\/kaledonia.com.pl\/sklep\/produkt\/madison\/","title":{"rendered":"Madison"},"content":{"rendered":"<p><strong>Suknia \u015blubna Madison<\/strong> to niezwykle pi\u0119kna i romantyczna kreacja w kszta\u0142cie literki A. Fason sukni sprawia, \u017ce taka propozycja sprawdzi si\u0119 idealnie r\u00f3wnie\u017c jako wersja ma\u0142ej ksi\u0119\u017cniczki.<br \/>\nKlasyczny odcie\u0144 \u015bmietankowej bieli stanowi idealn\u0105 baz\u0119 do dodatk\u00f3w w formie pi\u0119knej bi\u017cuterii i d\u0142ugiego welonu.<\/p>\n<p>G\u00f3ra sukni zosta\u0142a zaprojektowana z delikatnie po\u0142yskuj\u0105cej koronki o drobnym, kwiatowym wzorze, po\u0142\u0105czonej z delikatnymi kropeczkami w tle. Pi\u0119kny dekolt w kszta\u0142cie przed\u0142u\u017conej a\u017c do talii, w\u0105skiej literki V, posiada delikatne obszycie ozdobnym paseczkiem i pi\u0119knie wyd\u0142u\u017ca sylwetk\u0119. Romantyczne bufki akcentuj\u0105 ramiona i dodaj\u0105 kreacji dziewcz\u0119cego uroku.<br \/>\nZ ty\u0142u sukni wz\u00f3r koronki pi\u0119knie odznacza si\u0119 na sk\u00f3rze, a szeroki dekolt na kszta\u0142t V, ods\u0142ania kokieteryjnie plecy.<br \/>\nDelikatny, b\u0142yszcz\u0105cy cekinami paseczek podkre\u015bla r\u00f3wnie\u017c tali\u0119.<\/p>\n<p>D\u00f3\u0142 modelu Madison to lekka i taneczna sp\u00f3dnica, w odcieniu jasnej \u015bmietanki. Tiul pi\u0119knie si\u0119 uk\u0142ada na warstwie mi\u0119kkiej satyny, co dodaje kreacji subtelnej zwiewno\u015bci.<br \/>\nCech\u0105 wyr\u00f3\u017cniaj\u0105c\u0105 fason klasycznej literki A, jest w\u0105ska, dopasowana g\u00f3ra i sp\u00f3dnica, kt\u00f3ra stopniowo rozszerza si\u0119 od linii bioder, a\u017c do ziemi, co pi\u0119knie wyr\u00f3wnuje proporcje sylwetki.\u00a0Prezentowany model nie posiada trenu.<\/p>\n<p><strong>Prezentowana suknia dost\u0119pna jest wy\u0142\u0105cznie poprzez sprzeda\u017c internetow\u0105.<br \/>\nOferta dotyczy wy\u0142\u0105cznie\u00a0produktu szytego na indywidualny wymiar i nie podlega zwrotowi.<br \/>\nW celu realizacji zam\u00f3wienia niezb\u0119dny jest kontakt\u00a0mailowy z nami i uzgodnienie wymiar\u00f3w.<br \/>\nCzas realizacji do 10 dni roboczych<\/strong><\/p>\n<p><strong>Cena sukni Madison w oryginale wynosi: 1650 z\u0142<\/strong><\/p>\n<p><em>Dokonuj\u0105c zakupu akceptujesz warunki oferty.<\/em><\/p>\n<p><em>Po\u0142\u0105cz\u00a0 2 w 1 i stw\u00f3rz swoj\u0105 idealn\u0105 sukni\u0119 \u015blubn\u0105!*<br \/>\n<\/em><strong>Gorset: 900 z\u0142<\/strong><br \/>\n<strong>Sp\u00f3dnica: 750 z\u0142<\/strong><br \/>\n<em>*Sukni\u0119 mo\u017cna dowolnie modyfikowa\u0107, poprzez po\u0142\u0105czenie dowolnego gorsetu z wybran\u0105 sp\u00f3dnic\u0105, z kolekcji Economic Bride. W ten spos\u00f3b stworzysz swoj\u0105 jedyn\u0105, niepowtarzaln\u0105 kreacj\u0119.<\/em><\/p>\n<p><strong>Chcesz kupi\u0107 sukni\u0119 on-line? Skontaktuj si\u0119 z nami pod numerem: 577190790.<br \/>\n<\/strong><strong>Om\u00f3wimy szczeg\u00f3\u0142y zam\u00f3wienia i uszyjemy Twoj\u0105 wymarzon\u0105 sukni\u0119 \u015blubn\u0105 na miar\u0119!<br \/>\n<\/strong><strong>Adres e-mail: biuro@kaledonia.pl<\/strong><\/p>\n","protected":false},"excerpt":{"rendered":"<p>Suknia \u015blubna Madison to niezwykle pi\u0119kna i romantyczna kreacja w kszta\u0142cie literki A. Fason sukni sprawia, \u017ce taka propozycja sprawdzi si\u0119 idealnie r\u00f3wnie\u017c jako wersja ma\u0142ej ksi\u0119\u017cniczki. Klasyczny odcie\u0144 \u015bmietankowej bieli stanowi idealn\u0105 baz\u0119 do dodatk\u00f3w w formie pi\u0119knej bi\u017cuterii i d\u0142ugiego welonu. G\u00f3ra sukni zosta\u0142a zaprojektowana z delikatnie po\u0142yskuj\u0105cej koronki o drobnym, kwiatowym wzorze, [&#8230;]\n","protected":false},"featured_media":93,"comment_status":"closed","ping_status":"closed","template":"","meta":[],"product_cat":[16],"product_tag":[21],"yoast_head":"<!-- This site is optimized with the Yoast SEO Premium plugin v20.1 (Yoast SEO v21.7) - https:\/\/yoast.com\/wordpress\/plugins\/seo\/ -->\n<title>Madison - eSklep Kaledonia<\/title>\n<meta name=\"description\" content=\"to niezwykle pi\u0119kna i romantyczna kreacja w kszta\u0142cie literki A. Fason sukni sprawia, \u017ce taka propozycja sprawdzi si\u0119 jako wersja ma\u0142ej ksi\u0119\u017cniczki.\" \/>\n<meta name=\"robots\" content=\"index, follow, max-snippet:-1, max-image-preview:large, max-video-preview:-1\" \/>\n<link rel=\"canonical\" href=\"https:\/\/kaledonia.com.pl\/sklep\/produkt\/madison\/\" \/>\n<meta property=\"og:locale\" content=\"pl_PL\" \/>\n<meta property=\"og:type\" content=\"article\" \/>\n<meta property=\"og:title\" content=\"Madison\" \/>\n<meta property=\"og:description\" content=\"to niezwykle pi\u0119kna i romantyczna kreacja w kszta\u0142cie literki A. Fason sukni sprawia, \u017ce taka propozycja sprawdzi si\u0119 jako wersja ma\u0142ej ksi\u0119\u017cniczki.\" \/>\n<meta property=\"og:url\" content=\"https:\/\/kaledonia.com.pl\/sklep\/produkt\/madison\/\" \/>\n<meta property=\"og:site_name\" content=\"eSklep Kaledonia\" \/>\n<meta property=\"article:publisher\" content=\"https:\/\/www.facebook.com\/SuknieSlubneKaledonia\" \/>\n<meta property=\"article:modified_time\" content=\"2024-04-28T20:12:05+00:00\" \/>\n<meta property=\"og:image\" content=\"https:\/\/kaledonia.com.pl\/sklep\/wp-content\/uploads\/2023\/04\/MADISON-a.jpg\" \/>\n\t<meta property=\"og:image:width\" content=\"822\" \/>\n\t<meta property=\"og:image:height\" content=\"1232\" \/>\n\t<meta property=\"og:image:type\" content=\"image\/jpeg\" \/>\n<meta name=\"twitter:card\" content=\"summary_large_image\" \/>\n<meta name=\"twitter:label1\" content=\"Szacowany czas czytania\" \/>\n\t<meta name=\"twitter:data1\" content=\"2 minuty\" \/>\n<script type=\"application\/ld+json\" class=\"yoast-schema-graph\">{\"@context\":\"https:\/\/schema.org\",\"@graph\":[{\"@type\":\"WebPage\",\"@id\":\"https:\/\/kaledonia.com.pl\/sklep\/produkt\/madison\/\",\"url\":\"https:\/\/kaledonia.com.pl\/sklep\/produkt\/madison\/\",\"name\":\"Madison - eSklep Kaledonia\",\"isPartOf\":{\"@id\":\"https:\/\/kaledonia.com.pl\/sklep\/#website\"},\"datePublished\":\"2023-04-20T17:09:59+00:00\",\"dateModified\":\"2024-04-28T20:12:05+00:00\",\"description\":\"to niezwykle pi\u0119kna i romantyczna kreacja w kszta\u0142cie literki A. Fason sukni sprawia, \u017ce taka propozycja sprawdzi si\u0119 jako wersja ma\u0142ej ksi\u0119\u017cniczki.\",\"breadcrumb\":{\"@id\":\"https:\/\/kaledonia.com.pl\/sklep\/produkt\/madison\/#breadcrumb\"},\"inLanguage\":\"pl-PL\",\"potentialAction\":[{\"@type\":\"ReadAction\",\"target\":[\"https:\/\/kaledonia.com.pl\/sklep\/produkt\/madison\/\"]}]},{\"@type\":\"BreadcrumbList\",\"@id\":\"https:\/\/kaledonia.com.pl\/sklep\/produkt\/madison\/#breadcrumb\",\"itemListElement\":[{\"@type\":\"ListItem\",\"position\":1,\"name\":\"Home\",\"item\":\"https:\/\/kaledonia.com.pl\/sklep\/\"},{\"@type\":\"ListItem\",\"position\":2,\"name\":\"Sklep\",\"item\":\"https:\/\/kaledonia.com.pl\/sklep\/sklep\/\"},{\"@type\":\"ListItem\",\"position\":3,\"name\":\"Madison\"}]},{\"@type\":\"WebSite\",\"@id\":\"https:\/\/kaledonia.com.pl\/sklep\/#website\",\"url\":\"https:\/\/kaledonia.com.pl\/sklep\/\",\"name\":\"eSklep Kaledonia\",\"description\":\"\",\"publisher\":{\"@id\":\"https:\/\/kaledonia.com.pl\/sklep\/#organization\"},\"potentialAction\":[{\"@type\":\"SearchAction\",\"target\":{\"@type\":\"EntryPoint\",\"urlTemplate\":\"https:\/\/kaledonia.com.pl\/sklep\/?s={search_term_string}\"},\"query-input\":\"required name=search_term_string\"}],\"inLanguage\":\"pl-PL\"},{\"@type\":\"Organization\",\"@id\":\"https:\/\/kaledonia.com.pl\/sklep\/#organization\",\"name\":\"Kaledonia\",\"url\":\"https:\/\/kaledonia.com.pl\/sklep\/\",\"logo\":{\"@type\":\"ImageObject\",\"inLanguage\":\"pl-PL\",\"@id\":\"https:\/\/kaledonia.com.pl\/sklep\/#\/schema\/logo\/image\/\",\"url\":\"https:\/\/kaledonia.com.pl\/sklep\/wp-content\/uploads\/2023\/02\/Kaledonia-Logo-Black_byEH.png\",\"contentUrl\":\"https:\/\/kaledonia.com.pl\/sklep\/wp-content\/uploads\/2023\/02\/Kaledonia-Logo-Black_byEH.png\",\"width\":283,\"height\":120,\"caption\":\"Kaledonia\"},\"image\":{\"@id\":\"https:\/\/kaledonia.com.pl\/sklep\/#\/schema\/logo\/image\/\"},\"sameAs\":[\"https:\/\/www.facebook.com\/SuknieSlubneKaledonia\",\"https:\/\/www.instagram.com\/suknieslubnekaledonia\/\"]}]}<\/script>\n<!-- \/ Yoast SEO Premium plugin. -->","yoast_head_json":{"title":"Madison - eSklep Kaledonia","description":"to niezwykle pi\u0119kna i romantyczna kreacja w kszta\u0142cie literki A. Fason sukni sprawia, \u017ce taka propozycja sprawdzi si\u0119 jako wersja ma\u0142ej ksi\u0119\u017cniczki.","robots":{"index":"index","follow":"follow","max-snippet":"max-snippet:-1","max-image-preview":"max-image-preview:large","max-video-preview":"max-video-preview:-1"},"canonical":"https:\/\/kaledonia.com.pl\/sklep\/produkt\/madison\/","og_locale":"pl_PL","og_type":"article","og_title":"Madison","og_description":"to niezwykle pi\u0119kna i romantyczna kreacja w kszta\u0142cie literki A. Fason sukni sprawia, \u017ce taka propozycja sprawdzi si\u0119 jako wersja ma\u0142ej ksi\u0119\u017cniczki.","og_url":"https:\/\/kaledonia.com.pl\/sklep\/produkt\/madison\/","og_site_name":"eSklep Kaledonia","article_publisher":"https:\/\/www.facebook.com\/SuknieSlubneKaledonia","article_modified_time":"2024-04-28T20:12:05+00:00","og_image":[{"width":822,"height":1232,"url":"https:\/\/kaledonia.com.pl\/sklep\/wp-content\/uploads\/2023\/04\/MADISON-a.jpg","type":"image\/jpeg"}],"twitter_card":"summary_large_image","twitter_misc":{"Szacowany czas czytania":"2 minuty"},"schema":{"@context":"https:\/\/schema.org","@graph":[{"@type":"WebPage","@id":"https:\/\/kaledonia.com.pl\/sklep\/produkt\/madison\/","url":"https:\/\/kaledonia.com.pl\/sklep\/produkt\/madison\/","name":"Madison - eSklep Kaledonia","isPartOf":{"@id":"https:\/\/kaledonia.com.pl\/sklep\/#website"},"datePublished":"2023-04-20T17:09:59+00:00","dateModified":"2024-04-28T20:12:05+00:00","description":"to niezwykle pi\u0119kna i romantyczna kreacja w kszta\u0142cie literki A. Fason sukni sprawia, \u017ce taka propozycja sprawdzi si\u0119 jako wersja ma\u0142ej ksi\u0119\u017cniczki.","breadcrumb":{"@id":"https:\/\/kaledonia.com.pl\/sklep\/produkt\/madison\/#breadcrumb"},"inLanguage":"pl-PL","potentialAction":[{"@type":"ReadAction","target":["https:\/\/kaledonia.com.pl\/sklep\/produkt\/madison\/"]}]},{"@type":"BreadcrumbList","@id":"https:\/\/kaledonia.com.pl\/sklep\/produkt\/madison\/#breadcrumb","itemListElement":[{"@type":"ListItem","position":1,"name":"Home","item":"https:\/\/kaledonia.com.pl\/sklep\/"},{"@type":"ListItem","position":2,"name":"Sklep","item":"https:\/\/kaledonia.com.pl\/sklep\/sklep\/"},{"@type":"ListItem","position":3,"name":"Madison"}]},{"@type":"WebSite","@id":"https:\/\/kaledonia.com.pl\/sklep\/#website","url":"https:\/\/kaledonia.com.pl\/sklep\/","name":"eSklep Kaledonia","description":"","publisher":{"@id":"https:\/\/kaledonia.com.pl\/sklep\/#organization"},"potentialAction":[{"@type":"SearchAction","target":{"@type":"EntryPoint","urlTemplate":"https:\/\/kaledonia.com.pl\/sklep\/?s={search_term_string}"},"query-input":"required name=search_term_string"}],"inLanguage":"pl-PL"},{"@type":"Organization","@id":"https:\/\/kaledonia.com.pl\/sklep\/#organization","name":"Kaledonia","url":"https:\/\/kaledonia.com.pl\/sklep\/","logo":{"@type":"ImageObject","inLanguage":"pl-PL","@id":"https:\/\/kaledonia.com.pl\/sklep\/#\/schema\/logo\/image\/","url":"https:\/\/kaledonia.com.pl\/sklep\/wp-content\/uploads\/2023\/02\/Kaledonia-Logo-Black_byEH.png","contentUrl":"https:\/\/kaledonia.com.pl\/sklep\/wp-content\/uploads\/2023\/02\/Kaledonia-Logo-Black_byEH.png","width":283,"height":120,"caption":"Kaledonia"},"image":{"@id":"https:\/\/kaledonia.com.pl\/sklep\/#\/schema\/logo\/image\/"},"sameAs":["https:\/\/www.facebook.com\/SuknieSlubneKaledonia","https:\/\/www.instagram.com\/suknieslubnekaledonia\/"]}]}},"_links":{"self":[{"href":"https:\/\/kaledonia.com.pl\/sklep\/wp-json\/wp\/v2\/product\/57"}],"collection":[{"href":"https:\/\/kaledonia.com.pl\/sklep\/wp-json\/wp\/v2\/product"}],"about":[{"href":"https:\/\/kaledonia.com.pl\/sklep\/wp-json\/wp\/v2\/types\/product"}],"replies":[{"embeddable":true,"href":"https:\/\/kaledonia.com.pl\/sklep\/wp-json\/wp\/v2\/comments?post=57"}],"wp:featuredmedia":[{"embeddable":true,"href":"https:\/\/kaledonia.com.pl\/sklep\/wp-json\/wp\/v2\/media\/93"}],"wp:attachment":[{"href":"https:\/\/kaledonia.com.pl\/sklep\/wp-json\/wp\/v2\/media?parent=57"}],"wp:term":[{"taxonomy":"product_cat","embeddable":true,"href":"https:\/\/kaledonia.com.pl\/sklep\/wp-json\/wp\/v2\/product_cat?post=57"},{"taxonomy":"product_tag","embeddable":true,"href":"https:\/\/kaledonia.com.pl\/sklep\/wp-json\/wp\/v2\/product_tag?post=57"}],"curies":[{"name":"wp","href":"https:\/\/api.w.org\/{rel}","templated":true}]}}