{"id":58,"date":"2023-04-20T19:09:59","date_gmt":"2023-04-20T17:09:59","guid":{"rendered":"https:\/\/kaledonia.com.pl\/sklep\/?post_type=product&#038;p=58"},"modified":"2023-08-11T07:08:27","modified_gmt":"2023-08-11T05:08:27","slug":"nori","status":"publish","type":"product","link":"https:\/\/kaledonia.com.pl\/sklep\/produkt\/nori\/","title":{"rendered":"Nori"},"content":{"rendered":"<p><strong>Suknia \u015blubna Nori<\/strong> to pe\u0142na blasku, koronkowa pi\u0119kno\u015b\u0107 z tiulow\u0105 sp\u00f3dnic\u0105, w niezwykle modnym, szampa\u0144skim odcieniu.<br \/>\nPrezentowany model o kroju klasycznej literki A, to idealna propozycja dla mi\u0142o\u015bniczek oryginalnych wzor\u00f3w, w delikatnych, pastelowych kolorach.<br \/>\nSuknia Nori ma bardzo subtelny charakter, dlatego \u015bwietnie si\u0119 sprawdzi w stylizacji boho. Mo\u017cna j\u0105 tak\u017ce bezpiecznie \u0142\u0105czy\u0107 z dodatkami typowymi dla kreacji w stylu glamour.<\/p>\n<p>G\u00f3ra sukni, z mi\u0119kkiej, wyrazistej koronki w kolorze ivory, wyr\u00f3\u017cnia si\u0119 wygodnymi, szerokimi szelkami, p\u0142ynnie przechodz\u0105cymi w subtelny dekolt na kszta\u0142t literki V, na przodzie gorsetu oraz na plecach.<br \/>\nDodatkowym atutem kreacji s\u0105 delikatnie po\u0142yskuj\u0105ce cekiny, kt\u00f3re zdobi\u0105 malownicz\u0105 koronk\u0119 o kwiatowym wzorze i pi\u0119knie si\u0119 mieni\u0105, nadaj\u0105c sukni tajemniczego blasku.<\/p>\n<p>D\u00f3\u0142 sukni to sp\u00f3dnica w kolorze champagne, z delikatn\u0105 warstw\u0105 b\u0142yszcz\u0105cego, \u015bmietankowego tiulu, dzi\u0119ki czemu kreacja wyr\u00f3\u017cnia si\u0119 ciep\u0142ym, pastelowym odcieniem.<br \/>\nTakie po\u0142\u0105czenie zwiewnych tkanin sprawia, \u017ce suknia pi\u0119knie si\u0119 uk\u0142ada. Nori to propozycja \u015blubna bez trenu.<\/p>\n<p><strong>Prezentowana suknia dost\u0119pna jest wy\u0142\u0105cznie poprzez sprzeda\u017c internetow\u0105.<br \/>\nOferta dotyczy wy\u0142\u0105cznie\u00a0produktu szytego na indywidualny wymiar i nie podlega zwrotowi.<br \/>\nW celu realizacji zam\u00f3wienia niezb\u0119dny jest kontakt\u00a0mailowy z nami i uzgodnienie wymiar\u00f3w.<br \/>\nCzas realizacji do 10 dni roboczych<\/strong><\/p>\n<p><strong>Cena sukni Nori w oryginale wynosi: 1800 z\u0142<\/strong><\/p>\n<p><em>Dokonuj\u0105c zakupu akceptujesz warunki oferty.<\/em><\/p>\n<p><em>Po\u0142\u0105cz\u00a0 2 w 1 i stw\u00f3rz swoj\u0105 idealn\u0105 sukni\u0119 \u015blubn\u0105!*<br \/>\n<\/em><strong>Gorset: 950 z\u0142<\/strong><br \/>\n<strong>Sp\u00f3dnica: 850 z\u0142<\/strong><br \/>\n<em>*Sukni\u0119 mo\u017cna dowolnie modyfikowa\u0107, poprzez po\u0142\u0105czenie dowolnego gorsetu z wybran\u0105 sp\u00f3dnic\u0105, z kolekcji Economic Bride. W ten spos\u00f3b stworzysz swoj\u0105 jedyn\u0105, niepowtarzaln\u0105 kreacj\u0119.<\/em><\/p>\n<p><strong>Chcesz kupi\u0107 sukni\u0119 on-line? Skontaktuj si\u0119 z nami pod numerem: 577190790.<br \/>\n<\/strong><strong>Om\u00f3wimy szczeg\u00f3\u0142y zam\u00f3wienia i uszyjemy Twoj\u0105 wymarzon\u0105 sukni\u0119 \u015blubn\u0105 na miar\u0119!<br \/>\n<\/strong><strong>Adres e-mail: biuro@kaledonia.pl<\/strong><\/p>\n","protected":false},"excerpt":{"rendered":"<p>Suknia \u015blubna Nori to pe\u0142na blasku, koronkowa pi\u0119kno\u015b\u0107 z tiulow\u0105 sp\u00f3dnic\u0105, w niezwykle modnym, szampa\u0144skim odcieniu. Prezentowany model o kroju klasycznej literki A, to idealna propozycja dla mi\u0142o\u015bniczek oryginalnych wzor\u00f3w, w delikatnych, pastelowych kolorach. Suknia Nori ma bardzo subtelny charakter, dlatego \u015bwietnie si\u0119 sprawdzi w stylizacji boho. Mo\u017cna j\u0105 tak\u017ce bezpiecznie \u0142\u0105czy\u0107 z dodatkami typowymi [&#8230;]\n","protected":false},"featured_media":95,"comment_status":"closed","ping_status":"closed","template":"","meta":[],"product_cat":[16],"product_tag":[29,22,21,30],"yoast_head":"<!-- This site is optimized with the Yoast SEO Premium plugin v20.1 (Yoast SEO v21.7) - https:\/\/yoast.com\/wordpress\/plugins\/seo\/ -->\n<title>Nori - eSklep Kaledonia<\/title>\n<meta name=\"description\" content=\"to pe\u0142na blasku, koronkowa pi\u0119kno\u015b\u0107 z tiulow\u0105 sp\u00f3dnic\u0105, w niezwykle modnym, szampa\u0144skim odcieniu.\" \/>\n<meta name=\"robots\" content=\"index, follow, max-snippet:-1, max-image-preview:large, max-video-preview:-1\" \/>\n<link rel=\"canonical\" href=\"https:\/\/kaledonia.com.pl\/sklep\/produkt\/nori\/\" \/>\n<meta property=\"og:locale\" content=\"pl_PL\" \/>\n<meta property=\"og:type\" content=\"article\" \/>\n<meta property=\"og:title\" content=\"Nori\" \/>\n<meta property=\"og:description\" content=\"to pe\u0142na blasku, koronkowa pi\u0119kno\u015b\u0107 z tiulow\u0105 sp\u00f3dnic\u0105, w niezwykle modnym, szampa\u0144skim odcieniu.\" \/>\n<meta property=\"og:url\" content=\"https:\/\/kaledonia.com.pl\/sklep\/produkt\/nori\/\" \/>\n<meta property=\"og:site_name\" content=\"eSklep Kaledonia\" \/>\n<meta property=\"article:publisher\" content=\"https:\/\/www.facebook.com\/SuknieSlubneKaledonia\" \/>\n<meta property=\"article:modified_time\" content=\"2023-08-11T05:08:27+00:00\" \/>\n<meta property=\"og:image\" content=\"https:\/\/kaledonia.com.pl\/sklep\/wp-content\/uploads\/2023\/04\/NORI-a.jpg\" \/>\n\t<meta property=\"og:image:width\" content=\"864\" \/>\n\t<meta property=\"og:image:height\" content=\"1278\" \/>\n\t<meta property=\"og:image:type\" content=\"image\/jpeg\" \/>\n<meta name=\"twitter:card\" content=\"summary_large_image\" \/>\n<meta name=\"twitter:label1\" content=\"Szacowany czas czytania\" \/>\n\t<meta name=\"twitter:data1\" content=\"2 minuty\" \/>\n<script type=\"application\/ld+json\" class=\"yoast-schema-graph\">{\"@context\":\"https:\/\/schema.org\",\"@graph\":[{\"@type\":\"WebPage\",\"@id\":\"https:\/\/kaledonia.com.pl\/sklep\/produkt\/nori\/\",\"url\":\"https:\/\/kaledonia.com.pl\/sklep\/produkt\/nori\/\",\"name\":\"Nori - eSklep Kaledonia\",\"isPartOf\":{\"@id\":\"https:\/\/kaledonia.com.pl\/sklep\/#website\"},\"datePublished\":\"2023-04-20T17:09:59+00:00\",\"dateModified\":\"2023-08-11T05:08:27+00:00\",\"description\":\"to pe\u0142na blasku, koronkowa pi\u0119kno\u015b\u0107 z tiulow\u0105 sp\u00f3dnic\u0105, w niezwykle modnym, szampa\u0144skim odcieniu.\",\"breadcrumb\":{\"@id\":\"https:\/\/kaledonia.com.pl\/sklep\/produkt\/nori\/#breadcrumb\"},\"inLanguage\":\"pl-PL\",\"potentialAction\":[{\"@type\":\"ReadAction\",\"target\":[\"https:\/\/kaledonia.com.pl\/sklep\/produkt\/nori\/\"]}]},{\"@type\":\"BreadcrumbList\",\"@id\":\"https:\/\/kaledonia.com.pl\/sklep\/produkt\/nori\/#breadcrumb\",\"itemListElement\":[{\"@type\":\"ListItem\",\"position\":1,\"name\":\"Home\",\"item\":\"https:\/\/kaledonia.com.pl\/sklep\/\"},{\"@type\":\"ListItem\",\"position\":2,\"name\":\"Sklep\",\"item\":\"https:\/\/kaledonia.com.pl\/sklep\/sklep\/\"},{\"@type\":\"ListItem\",\"position\":3,\"name\":\"Nori\"}]},{\"@type\":\"WebSite\",\"@id\":\"https:\/\/kaledonia.com.pl\/sklep\/#website\",\"url\":\"https:\/\/kaledonia.com.pl\/sklep\/\",\"name\":\"eSklep Kaledonia\",\"description\":\"\",\"publisher\":{\"@id\":\"https:\/\/kaledonia.com.pl\/sklep\/#organization\"},\"potentialAction\":[{\"@type\":\"SearchAction\",\"target\":{\"@type\":\"EntryPoint\",\"urlTemplate\":\"https:\/\/kaledonia.com.pl\/sklep\/?s={search_term_string}\"},\"query-input\":\"required name=search_term_string\"}],\"inLanguage\":\"pl-PL\"},{\"@type\":\"Organization\",\"@id\":\"https:\/\/kaledonia.com.pl\/sklep\/#organization\",\"name\":\"Kaledonia\",\"url\":\"https:\/\/kaledonia.com.pl\/sklep\/\",\"logo\":{\"@type\":\"ImageObject\",\"inLanguage\":\"pl-PL\",\"@id\":\"https:\/\/kaledonia.com.pl\/sklep\/#\/schema\/logo\/image\/\",\"url\":\"https:\/\/kaledonia.com.pl\/sklep\/wp-content\/uploads\/2023\/02\/Kaledonia-Logo-Black_byEH.png\",\"contentUrl\":\"https:\/\/kaledonia.com.pl\/sklep\/wp-content\/uploads\/2023\/02\/Kaledonia-Logo-Black_byEH.png\",\"width\":283,\"height\":120,\"caption\":\"Kaledonia\"},\"image\":{\"@id\":\"https:\/\/kaledonia.com.pl\/sklep\/#\/schema\/logo\/image\/\"},\"sameAs\":[\"https:\/\/www.facebook.com\/SuknieSlubneKaledonia\",\"https:\/\/www.instagram.com\/suknieslubnekaledonia\/\"]}]}<\/script>\n<!-- \/ Yoast SEO Premium plugin. -->","yoast_head_json":{"title":"Nori - eSklep Kaledonia","description":"to pe\u0142na blasku, koronkowa pi\u0119kno\u015b\u0107 z tiulow\u0105 sp\u00f3dnic\u0105, w niezwykle modnym, szampa\u0144skim odcieniu.","robots":{"index":"index","follow":"follow","max-snippet":"max-snippet:-1","max-image-preview":"max-image-preview:large","max-video-preview":"max-video-preview:-1"},"canonical":"https:\/\/kaledonia.com.pl\/sklep\/produkt\/nori\/","og_locale":"pl_PL","og_type":"article","og_title":"Nori","og_description":"to pe\u0142na blasku, koronkowa pi\u0119kno\u015b\u0107 z tiulow\u0105 sp\u00f3dnic\u0105, w niezwykle modnym, szampa\u0144skim odcieniu.","og_url":"https:\/\/kaledonia.com.pl\/sklep\/produkt\/nori\/","og_site_name":"eSklep Kaledonia","article_publisher":"https:\/\/www.facebook.com\/SuknieSlubneKaledonia","article_modified_time":"2023-08-11T05:08:27+00:00","og_image":[{"width":864,"height":1278,"url":"https:\/\/kaledonia.com.pl\/sklep\/wp-content\/uploads\/2023\/04\/NORI-a.jpg","type":"image\/jpeg"}],"twitter_card":"summary_large_image","twitter_misc":{"Szacowany czas czytania":"2 minuty"},"schema":{"@context":"https:\/\/schema.org","@graph":[{"@type":"WebPage","@id":"https:\/\/kaledonia.com.pl\/sklep\/produkt\/nori\/","url":"https:\/\/kaledonia.com.pl\/sklep\/produkt\/nori\/","name":"Nori - eSklep Kaledonia","isPartOf":{"@id":"https:\/\/kaledonia.com.pl\/sklep\/#website"},"datePublished":"2023-04-20T17:09:59+00:00","dateModified":"2023-08-11T05:08:27+00:00","description":"to pe\u0142na blasku, koronkowa pi\u0119kno\u015b\u0107 z tiulow\u0105 sp\u00f3dnic\u0105, w niezwykle modnym, szampa\u0144skim odcieniu.","breadcrumb":{"@id":"https:\/\/kaledonia.com.pl\/sklep\/produkt\/nori\/#breadcrumb"},"inLanguage":"pl-PL","potentialAction":[{"@type":"ReadAction","target":["https:\/\/kaledonia.com.pl\/sklep\/produkt\/nori\/"]}]},{"@type":"BreadcrumbList","@id":"https:\/\/kaledonia.com.pl\/sklep\/produkt\/nori\/#breadcrumb","itemListElement":[{"@type":"ListItem","position":1,"name":"Home","item":"https:\/\/kaledonia.com.pl\/sklep\/"},{"@type":"ListItem","position":2,"name":"Sklep","item":"https:\/\/kaledonia.com.pl\/sklep\/sklep\/"},{"@type":"ListItem","position":3,"name":"Nori"}]},{"@type":"WebSite","@id":"https:\/\/kaledonia.com.pl\/sklep\/#website","url":"https:\/\/kaledonia.com.pl\/sklep\/","name":"eSklep Kaledonia","description":"","publisher":{"@id":"https:\/\/kaledonia.com.pl\/sklep\/#organization"},"potentialAction":[{"@type":"SearchAction","target":{"@type":"EntryPoint","urlTemplate":"https:\/\/kaledonia.com.pl\/sklep\/?s={search_term_string}"},"query-input":"required name=search_term_string"}],"inLanguage":"pl-PL"},{"@type":"Organization","@id":"https:\/\/kaledonia.com.pl\/sklep\/#organization","name":"Kaledonia","url":"https:\/\/kaledonia.com.pl\/sklep\/","logo":{"@type":"ImageObject","inLanguage":"pl-PL","@id":"https:\/\/kaledonia.com.pl\/sklep\/#\/schema\/logo\/image\/","url":"https:\/\/kaledonia.com.pl\/sklep\/wp-content\/uploads\/2023\/02\/Kaledonia-Logo-Black_byEH.png","contentUrl":"https:\/\/kaledonia.com.pl\/sklep\/wp-content\/uploads\/2023\/02\/Kaledonia-Logo-Black_byEH.png","width":283,"height":120,"caption":"Kaledonia"},"image":{"@id":"https:\/\/kaledonia.com.pl\/sklep\/#\/schema\/logo\/image\/"},"sameAs":["https:\/\/www.facebook.com\/SuknieSlubneKaledonia","https:\/\/www.instagram.com\/suknieslubnekaledonia\/"]}]}},"_links":{"self":[{"href":"https:\/\/kaledonia.com.pl\/sklep\/wp-json\/wp\/v2\/product\/58"}],"collection":[{"href":"https:\/\/kaledonia.com.pl\/sklep\/wp-json\/wp\/v2\/product"}],"about":[{"href":"https:\/\/kaledonia.com.pl\/sklep\/wp-json\/wp\/v2\/types\/product"}],"replies":[{"embeddable":true,"href":"https:\/\/kaledonia.com.pl\/sklep\/wp-json\/wp\/v2\/comments?post=58"}],"wp:featuredmedia":[{"embeddable":true,"href":"https:\/\/kaledonia.com.pl\/sklep\/wp-json\/wp\/v2\/media\/95"}],"wp:attachment":[{"href":"https:\/\/kaledonia.com.pl\/sklep\/wp-json\/wp\/v2\/media?parent=58"}],"wp:term":[{"taxonomy":"product_cat","embeddable":true,"href":"https:\/\/kaledonia.com.pl\/sklep\/wp-json\/wp\/v2\/product_cat?post=58"},{"taxonomy":"product_tag","embeddable":true,"href":"https:\/\/kaledonia.com.pl\/sklep\/wp-json\/wp\/v2\/product_tag?post=58"}],"curies":[{"name":"wp","href":"https:\/\/api.w.org\/{rel}","templated":true}]}}