{"id":63,"date":"2023-04-20T19:09:59","date_gmt":"2023-04-20T17:09:59","guid":{"rendered":"https:\/\/kaledonia.com.pl\/sklep\/?post_type=product&#038;p=63"},"modified":"2024-03-18T12:00:30","modified_gmt":"2024-03-18T11:00:30","slug":"ramoneska-bezowa","status":"publish","type":"product","link":"https:\/\/kaledonia.com.pl\/sklep\/produkt\/ramoneska-bezowa\/","title":{"rendered":"Ramoneska be\u017cowa"},"content":{"rendered":"<p>Pi\u0119kna ramoneska z mi\u0119kkiej, luksusowej ekosk\u00f3rki w ciep\u0142ym odcieniu be\u017cu to absolutna nowo\u015b\u0107 w\u015br\u00f3d okry\u0107 \u015blubnych.<br \/>\nKurteczka posiada d\u0142ugie r\u0119kawy, ozdobione zamkami. Klasyczny kr\u00f3j sprawia, \u017ce idealnie komponuje si\u0119 ze wszystkimi fasonami sukien \u015blubnych, od dopasowanej, kobieciej rybki i lekkiej literki A, a\u017c do roz\u0142o\u017cystych, tiulowych ksi\u0119\u017cniczek.<br \/>\nDodatkowym atutem prezentowanego modelu jest dekoracyjna wstawka na przodzie kurteczki oraz na plecach, wykonana ze\u00a0\u015bmietankowej gipiury o kwiatowym wzorze. Koronka na kurtce zosta\u0142a dodatkowo wyszyta drobnymi cekinami, kt\u00f3re subtelnie si\u0119 mieni\u0105 i nadaj\u0105 jej eleganckiego charakteru.<br \/>\nRamoneska zosta\u0142a wykonana z wysokiej jako\u015bci ekosk\u00f3rki, w kolorze pastelowego be\u017cu, dlatego idealnie sprawdzi si\u0119 jako nowoczesny dodatek do sukni \u015blubnej, jak r\u00f3wnie\u017c znajdzie swoje zastosowanie w codziennych stylizacjach.<\/p>\n<p><b>*Oferta w sklepie internetowym dotyczy wy\u0142\u0105cznie\u00a0produktu szytego na indywidualny wymiar i nie podlega zwrotowi.<br \/>\n*W celu realizacji zam\u00f3wienia niezb\u0119dny jest kontakt\u00a0mailowy z nami i uzgodnienie wymiar\u00f3w.<br \/>\n*Czas realizacji do 10 dni roboczych<\/b><\/p>\n<p><em>Dokonuj\u0105c zakupu akceptujesz warunki oferty.<\/em><\/p>\n<p><em>Chcesz kupi\u0107 produkt on-line? Masz dodatkowe pytania?<\/em><br \/>\n<strong><em>Skontaktuj si\u0119 z nami pod numerem: 577190790<\/em><\/strong><br \/>\n<strong><em>Adres e-mail: biuro@kaledonia.pl<\/em><\/strong><\/p>\n<p><b>Prezentowany model mo\u017cna kupi\u0107 r\u00f3wnie\u017c jako gotowy produkt w naszych salonach firmowych.<\/b><\/p>\n","protected":false},"excerpt":{"rendered":"<p>Pi\u0119kna ramoneska z mi\u0119kkiej, luksusowej ekosk\u00f3rki w ciep\u0142ym odcieniu be\u017cu to absolutna nowo\u015b\u0107 w\u015br\u00f3d okry\u0107 \u015blubnych. Kurteczka posiada d\u0142ugie r\u0119kawy, ozdobione zamkami. Klasyczny kr\u00f3j sprawia, \u017ce idealnie komponuje si\u0119 ze wszystkimi fasonami sukien \u015blubnych, od dopasowanej, kobieciej rybki i lekkiej literki A, a\u017c do roz\u0142o\u017cystych, tiulowych ksi\u0119\u017cniczek. Dodatkowym atutem prezentowanego modelu jest dekoracyjna wstawka na [&#8230;]\n","protected":false},"featured_media":103,"comment_status":"closed","ping_status":"closed","template":"","meta":[],"product_cat":[17],"product_tag":[],"yoast_head":"<!-- This site is optimized with the Yoast SEO Premium plugin v20.1 (Yoast SEO v21.7) - https:\/\/yoast.com\/wordpress\/plugins\/seo\/ -->\n<title>Ramoneska be\u017cowa - eSklep Kaledonia<\/title>\n<meta name=\"description\" content=\"Pi\u0119kna ramoneska z mi\u0119kkiej, luksusowej ekosk\u00f3rki w ciep\u0142ym odcieniu be\u017cu to absolutna nowo\u015b\u0107 w\u015br\u00f3d okry\u0107 \u015blubnych.\" \/>\n<meta name=\"robots\" content=\"index, follow, max-snippet:-1, max-image-preview:large, max-video-preview:-1\" \/>\n<link rel=\"canonical\" href=\"https:\/\/kaledonia.com.pl\/sklep\/produkt\/ramoneska-bezowa\/\" \/>\n<meta property=\"og:locale\" content=\"pl_PL\" \/>\n<meta property=\"og:type\" content=\"article\" \/>\n<meta property=\"og:title\" content=\"Ramoneska be\u017cowa\" \/>\n<meta property=\"og:description\" content=\"Pi\u0119kna ramoneska z mi\u0119kkiej, luksusowej ekosk\u00f3rki w ciep\u0142ym odcieniu be\u017cu to absolutna nowo\u015b\u0107 w\u015br\u00f3d okry\u0107 \u015blubnych.\" \/>\n<meta property=\"og:url\" content=\"https:\/\/kaledonia.com.pl\/sklep\/produkt\/ramoneska-bezowa\/\" \/>\n<meta property=\"og:site_name\" content=\"eSklep Kaledonia\" \/>\n<meta property=\"article:publisher\" content=\"https:\/\/www.facebook.com\/SuknieSlubneKaledonia\" \/>\n<meta property=\"article:modified_time\" content=\"2024-03-18T11:00:30+00:00\" \/>\n<meta property=\"og:image\" content=\"https:\/\/kaledonia.com.pl\/sklep\/wp-content\/uploads\/2023\/04\/Ramoneska-bezowa-1.jpg\" \/>\n\t<meta property=\"og:image:width\" content=\"856\" \/>\n\t<meta property=\"og:image:height\" content=\"1200\" \/>\n\t<meta property=\"og:image:type\" content=\"image\/jpeg\" \/>\n<meta name=\"twitter:card\" content=\"summary_large_image\" \/>\n<meta name=\"twitter:label1\" content=\"Szacowany czas czytania\" \/>\n\t<meta name=\"twitter:data1\" content=\"2 minuty\" \/>\n<script type=\"application\/ld+json\" class=\"yoast-schema-graph\">{\"@context\":\"https:\/\/schema.org\",\"@graph\":[{\"@type\":\"WebPage\",\"@id\":\"https:\/\/kaledonia.com.pl\/sklep\/produkt\/ramoneska-bezowa\/\",\"url\":\"https:\/\/kaledonia.com.pl\/sklep\/produkt\/ramoneska-bezowa\/\",\"name\":\"Ramoneska be\u017cowa - eSklep Kaledonia\",\"isPartOf\":{\"@id\":\"https:\/\/kaledonia.com.pl\/sklep\/#website\"},\"datePublished\":\"2023-04-20T17:09:59+00:00\",\"dateModified\":\"2024-03-18T11:00:30+00:00\",\"description\":\"Pi\u0119kna ramoneska z mi\u0119kkiej, luksusowej ekosk\u00f3rki w ciep\u0142ym odcieniu be\u017cu to absolutna nowo\u015b\u0107 w\u015br\u00f3d okry\u0107 \u015blubnych.\",\"breadcrumb\":{\"@id\":\"https:\/\/kaledonia.com.pl\/sklep\/produkt\/ramoneska-bezowa\/#breadcrumb\"},\"inLanguage\":\"pl-PL\",\"potentialAction\":[{\"@type\":\"ReadAction\",\"target\":[\"https:\/\/kaledonia.com.pl\/sklep\/produkt\/ramoneska-bezowa\/\"]}]},{\"@type\":\"BreadcrumbList\",\"@id\":\"https:\/\/kaledonia.com.pl\/sklep\/produkt\/ramoneska-bezowa\/#breadcrumb\",\"itemListElement\":[{\"@type\":\"ListItem\",\"position\":1,\"name\":\"Home\",\"item\":\"https:\/\/kaledonia.com.pl\/sklep\/\"},{\"@type\":\"ListItem\",\"position\":2,\"name\":\"Sklep\",\"item\":\"https:\/\/kaledonia.com.pl\/sklep\/sklep\/\"},{\"@type\":\"ListItem\",\"position\":3,\"name\":\"Ramoneska be\u017cowa\"}]},{\"@type\":\"WebSite\",\"@id\":\"https:\/\/kaledonia.com.pl\/sklep\/#website\",\"url\":\"https:\/\/kaledonia.com.pl\/sklep\/\",\"name\":\"eSklep Kaledonia\",\"description\":\"\",\"publisher\":{\"@id\":\"https:\/\/kaledonia.com.pl\/sklep\/#organization\"},\"potentialAction\":[{\"@type\":\"SearchAction\",\"target\":{\"@type\":\"EntryPoint\",\"urlTemplate\":\"https:\/\/kaledonia.com.pl\/sklep\/?s={search_term_string}\"},\"query-input\":\"required name=search_term_string\"}],\"inLanguage\":\"pl-PL\"},{\"@type\":\"Organization\",\"@id\":\"https:\/\/kaledonia.com.pl\/sklep\/#organization\",\"name\":\"Kaledonia\",\"url\":\"https:\/\/kaledonia.com.pl\/sklep\/\",\"logo\":{\"@type\":\"ImageObject\",\"inLanguage\":\"pl-PL\",\"@id\":\"https:\/\/kaledonia.com.pl\/sklep\/#\/schema\/logo\/image\/\",\"url\":\"https:\/\/kaledonia.com.pl\/sklep\/wp-content\/uploads\/2023\/02\/Kaledonia-Logo-Black_byEH.png\",\"contentUrl\":\"https:\/\/kaledonia.com.pl\/sklep\/wp-content\/uploads\/2023\/02\/Kaledonia-Logo-Black_byEH.png\",\"width\":283,\"height\":120,\"caption\":\"Kaledonia\"},\"image\":{\"@id\":\"https:\/\/kaledonia.com.pl\/sklep\/#\/schema\/logo\/image\/\"},\"sameAs\":[\"https:\/\/www.facebook.com\/SuknieSlubneKaledonia\",\"https:\/\/www.instagram.com\/suknieslubnekaledonia\/\"]}]}<\/script>\n<!-- \/ Yoast SEO Premium plugin. -->","yoast_head_json":{"title":"Ramoneska be\u017cowa - eSklep Kaledonia","description":"Pi\u0119kna ramoneska z mi\u0119kkiej, luksusowej ekosk\u00f3rki w ciep\u0142ym odcieniu be\u017cu to absolutna nowo\u015b\u0107 w\u015br\u00f3d okry\u0107 \u015blubnych.","robots":{"index":"index","follow":"follow","max-snippet":"max-snippet:-1","max-image-preview":"max-image-preview:large","max-video-preview":"max-video-preview:-1"},"canonical":"https:\/\/kaledonia.com.pl\/sklep\/produkt\/ramoneska-bezowa\/","og_locale":"pl_PL","og_type":"article","og_title":"Ramoneska be\u017cowa","og_description":"Pi\u0119kna ramoneska z mi\u0119kkiej, luksusowej ekosk\u00f3rki w ciep\u0142ym odcieniu be\u017cu to absolutna nowo\u015b\u0107 w\u015br\u00f3d okry\u0107 \u015blubnych.","og_url":"https:\/\/kaledonia.com.pl\/sklep\/produkt\/ramoneska-bezowa\/","og_site_name":"eSklep Kaledonia","article_publisher":"https:\/\/www.facebook.com\/SuknieSlubneKaledonia","article_modified_time":"2024-03-18T11:00:30+00:00","og_image":[{"width":856,"height":1200,"url":"https:\/\/kaledonia.com.pl\/sklep\/wp-content\/uploads\/2023\/04\/Ramoneska-bezowa-1.jpg","type":"image\/jpeg"}],"twitter_card":"summary_large_image","twitter_misc":{"Szacowany czas czytania":"2 minuty"},"schema":{"@context":"https:\/\/schema.org","@graph":[{"@type":"WebPage","@id":"https:\/\/kaledonia.com.pl\/sklep\/produkt\/ramoneska-bezowa\/","url":"https:\/\/kaledonia.com.pl\/sklep\/produkt\/ramoneska-bezowa\/","name":"Ramoneska be\u017cowa - eSklep Kaledonia","isPartOf":{"@id":"https:\/\/kaledonia.com.pl\/sklep\/#website"},"datePublished":"2023-04-20T17:09:59+00:00","dateModified":"2024-03-18T11:00:30+00:00","description":"Pi\u0119kna ramoneska z mi\u0119kkiej, luksusowej ekosk\u00f3rki w ciep\u0142ym odcieniu be\u017cu to absolutna nowo\u015b\u0107 w\u015br\u00f3d okry\u0107 \u015blubnych.","breadcrumb":{"@id":"https:\/\/kaledonia.com.pl\/sklep\/produkt\/ramoneska-bezowa\/#breadcrumb"},"inLanguage":"pl-PL","potentialAction":[{"@type":"ReadAction","target":["https:\/\/kaledonia.com.pl\/sklep\/produkt\/ramoneska-bezowa\/"]}]},{"@type":"BreadcrumbList","@id":"https:\/\/kaledonia.com.pl\/sklep\/produkt\/ramoneska-bezowa\/#breadcrumb","itemListElement":[{"@type":"ListItem","position":1,"name":"Home","item":"https:\/\/kaledonia.com.pl\/sklep\/"},{"@type":"ListItem","position":2,"name":"Sklep","item":"https:\/\/kaledonia.com.pl\/sklep\/sklep\/"},{"@type":"ListItem","position":3,"name":"Ramoneska be\u017cowa"}]},{"@type":"WebSite","@id":"https:\/\/kaledonia.com.pl\/sklep\/#website","url":"https:\/\/kaledonia.com.pl\/sklep\/","name":"eSklep Kaledonia","description":"","publisher":{"@id":"https:\/\/kaledonia.com.pl\/sklep\/#organization"},"potentialAction":[{"@type":"SearchAction","target":{"@type":"EntryPoint","urlTemplate":"https:\/\/kaledonia.com.pl\/sklep\/?s={search_term_string}"},"query-input":"required name=search_term_string"}],"inLanguage":"pl-PL"},{"@type":"Organization","@id":"https:\/\/kaledonia.com.pl\/sklep\/#organization","name":"Kaledonia","url":"https:\/\/kaledonia.com.pl\/sklep\/","logo":{"@type":"ImageObject","inLanguage":"pl-PL","@id":"https:\/\/kaledonia.com.pl\/sklep\/#\/schema\/logo\/image\/","url":"https:\/\/kaledonia.com.pl\/sklep\/wp-content\/uploads\/2023\/02\/Kaledonia-Logo-Black_byEH.png","contentUrl":"https:\/\/kaledonia.com.pl\/sklep\/wp-content\/uploads\/2023\/02\/Kaledonia-Logo-Black_byEH.png","width":283,"height":120,"caption":"Kaledonia"},"image":{"@id":"https:\/\/kaledonia.com.pl\/sklep\/#\/schema\/logo\/image\/"},"sameAs":["https:\/\/www.facebook.com\/SuknieSlubneKaledonia","https:\/\/www.instagram.com\/suknieslubnekaledonia\/"]}]}},"_links":{"self":[{"href":"https:\/\/kaledonia.com.pl\/sklep\/wp-json\/wp\/v2\/product\/63"}],"collection":[{"href":"https:\/\/kaledonia.com.pl\/sklep\/wp-json\/wp\/v2\/product"}],"about":[{"href":"https:\/\/kaledonia.com.pl\/sklep\/wp-json\/wp\/v2\/types\/product"}],"replies":[{"embeddable":true,"href":"https:\/\/kaledonia.com.pl\/sklep\/wp-json\/wp\/v2\/comments?post=63"}],"wp:featuredmedia":[{"embeddable":true,"href":"https:\/\/kaledonia.com.pl\/sklep\/wp-json\/wp\/v2\/media\/103"}],"wp:attachment":[{"href":"https:\/\/kaledonia.com.pl\/sklep\/wp-json\/wp\/v2\/media?parent=63"}],"wp:term":[{"taxonomy":"product_cat","embeddable":true,"href":"https:\/\/kaledonia.com.pl\/sklep\/wp-json\/wp\/v2\/product_cat?post=63"},{"taxonomy":"product_tag","embeddable":true,"href":"https:\/\/kaledonia.com.pl\/sklep\/wp-json\/wp\/v2\/product_tag?post=63"}],"curies":[{"name":"wp","href":"https:\/\/api.w.org\/{rel}","templated":true}]}}