{"id":64,"date":"2023-04-20T19:09:59","date_gmt":"2023-04-20T17:09:59","guid":{"rendered":"https:\/\/kaledonia.com.pl\/sklep\/?post_type=product&#038;p=64"},"modified":"2024-04-28T22:12:05","modified_gmt":"2024-04-28T20:12:05","slug":"bolerko-z-bufiastym-rekawem","status":"publish","type":"product","link":"https:\/\/kaledonia.com.pl\/sklep\/produkt\/bolerko-z-bufiastym-rekawem\/","title":{"rendered":"Bolerko z bufiastym r\u0119kawem"},"content":{"rendered":"<p>W\u015br\u00f3d modnych okry\u0107 \u015blubnych, nie mo\u017ce zabrakn\u0105\u0107 \u015bmietankowego bolerka ze szlachetnej, mi\u0119kkiej tkaniny.<br \/>\nPrezentowany model posiada dekoracyjne, bufiaste r\u0119kawki, z marszczeniem w nadgarstku i rozszerzanym mankietem.<br \/>\nBolerko wyr\u00f3\u017cnia si\u0119 eleganckim krojem i wi\u0105zaniem kopertowym, dzi\u0119ki czemu mo\u017cna je idealnie dopasowa\u0107 do sylwetki.<br \/>\nEkskluzywna tkanina w kolorze nieskazitelnej, \u015bmietankowej bieli dodaje okryciu\u00a0 wystawnego charakteru i sprawia, \u017ce bolerko mo\u017cna dobra\u0107 do sukien w odcieniach ivory oraz \u015bwietnie si\u0119 sprawdzi w po\u0142\u0105czeniu ze \u015blubnymi, pastelowymi be\u017cami.<\/p>\n<p><b>*Oferta w sklepie internetowym dotyczy wy\u0142\u0105cznie\u00a0produktu szytego na indywidualny wymiar i nie podlega zwrotowi.<br \/>\n*W celu realizacji zam\u00f3wienia niezb\u0119dny jest kontakt\u00a0mailowy z nami i uzgodnienie wymiar\u00f3w.<br \/>\n*Czas realizacji do 10 dni roboczych<\/b><\/p>\n<p><em>Dokonuj\u0105c zakupu akceptujesz warunki oferty.<\/em><\/p>\n<p>\n<em>Chcesz kupi\u0107 produkt on-line? Masz dodatkowe pytania?<\/em><br \/>\n<strong><em>Skontaktuj si\u0119 z nami pod numerem: 577190790<\/em><\/strong><br \/>\n<strong><em>Adres e-mail: biuro@kaledonia.pl<\/em><\/strong><\/p>\n<p><b>Prezentowany model mo\u017cna kupi\u0107 r\u00f3wnie\u017c jako gotowy produkt w naszych salonach firmowych.<\/b><\/p>\n","protected":false},"excerpt":{"rendered":"<p>W\u015br\u00f3d modnych okry\u0107 \u015blubnych, nie mo\u017ce zabrakn\u0105\u0107 \u015bmietankowego bolerka ze szlachetnej, mi\u0119kkiej tkaniny. Prezentowany model posiada dekoracyjne, bufiaste r\u0119kawki, z marszczeniem w nadgarstku i rozszerzanym mankietem. Bolerko wyr\u00f3\u017cnia si\u0119 eleganckim krojem i wi\u0105zaniem kopertowym, dzi\u0119ki czemu mo\u017cna je idealnie dopasowa\u0107 do sylwetki. Ekskluzywna tkanina w kolorze nieskazitelnej, \u015bmietankowej bieli dodaje okryciu\u00a0 wystawnego charakteru i sprawia, [&#8230;]\n","protected":false},"featured_media":105,"comment_status":"closed","ping_status":"closed","template":"","meta":[],"product_cat":[17],"product_tag":[],"yoast_head":"<!-- This site is optimized with the Yoast SEO Premium plugin v20.1 (Yoast SEO v21.7) - https:\/\/yoast.com\/wordpress\/plugins\/seo\/ -->\n<title>Bolerko z bufiastym r\u0119kawem - eSklep Kaledonia<\/title>\n<meta name=\"description\" content=\"Prezentowany model posiada dekoracyjne, bufiaste r\u0119kawki, z marszczeniem w nadgarstku i rozszerzanym mankietem. Bolerko wyr\u00f3\u017cnia si\u0119 eleganckim krojem i wi\u0105zaniem kopertowym.\" \/>\n<meta name=\"robots\" content=\"index, follow, max-snippet:-1, max-image-preview:large, max-video-preview:-1\" \/>\n<link rel=\"canonical\" href=\"https:\/\/kaledonia.com.pl\/sklep\/produkt\/bolerko-z-bufiastym-rekawem\/\" \/>\n<meta property=\"og:locale\" content=\"pl_PL\" \/>\n<meta property=\"og:type\" content=\"article\" \/>\n<meta property=\"og:title\" content=\"Bolerko z bufiastym r\u0119kawem\" \/>\n<meta property=\"og:description\" content=\"Prezentowany model posiada dekoracyjne, bufiaste r\u0119kawki, z marszczeniem w nadgarstku i rozszerzanym mankietem. Bolerko wyr\u00f3\u017cnia si\u0119 eleganckim krojem i wi\u0105zaniem kopertowym.\" \/>\n<meta property=\"og:url\" content=\"https:\/\/kaledonia.com.pl\/sklep\/produkt\/bolerko-z-bufiastym-rekawem\/\" \/>\n<meta property=\"og:site_name\" content=\"eSklep Kaledonia\" \/>\n<meta property=\"article:publisher\" content=\"https:\/\/www.facebook.com\/SuknieSlubneKaledonia\" \/>\n<meta property=\"article:modified_time\" content=\"2024-04-28T20:12:05+00:00\" \/>\n<meta property=\"og:image\" content=\"https:\/\/kaledonia.com.pl\/sklep\/wp-content\/uploads\/2023\/04\/Bolerko-z-bufiastym-rekawem.jpg\" \/>\n\t<meta property=\"og:image:width\" content=\"856\" \/>\n\t<meta property=\"og:image:height\" content=\"1200\" \/>\n\t<meta property=\"og:image:type\" content=\"image\/jpeg\" \/>\n<meta name=\"twitter:card\" content=\"summary_large_image\" \/>\n<meta name=\"twitter:label1\" content=\"Szacowany czas czytania\" \/>\n\t<meta name=\"twitter:data1\" content=\"2 minuty\" \/>\n<script type=\"application\/ld+json\" class=\"yoast-schema-graph\">{\"@context\":\"https:\/\/schema.org\",\"@graph\":[{\"@type\":\"WebPage\",\"@id\":\"https:\/\/kaledonia.com.pl\/sklep\/produkt\/bolerko-z-bufiastym-rekawem\/\",\"url\":\"https:\/\/kaledonia.com.pl\/sklep\/produkt\/bolerko-z-bufiastym-rekawem\/\",\"name\":\"Bolerko z bufiastym r\u0119kawem - eSklep Kaledonia\",\"isPartOf\":{\"@id\":\"https:\/\/kaledonia.com.pl\/sklep\/#website\"},\"datePublished\":\"2023-04-20T17:09:59+00:00\",\"dateModified\":\"2024-04-28T20:12:05+00:00\",\"description\":\"Prezentowany model posiada dekoracyjne, bufiaste r\u0119kawki, z marszczeniem w nadgarstku i rozszerzanym mankietem. Bolerko wyr\u00f3\u017cnia si\u0119 eleganckim krojem i wi\u0105zaniem kopertowym.\",\"breadcrumb\":{\"@id\":\"https:\/\/kaledonia.com.pl\/sklep\/produkt\/bolerko-z-bufiastym-rekawem\/#breadcrumb\"},\"inLanguage\":\"pl-PL\",\"potentialAction\":[{\"@type\":\"ReadAction\",\"target\":[\"https:\/\/kaledonia.com.pl\/sklep\/produkt\/bolerko-z-bufiastym-rekawem\/\"]}]},{\"@type\":\"BreadcrumbList\",\"@id\":\"https:\/\/kaledonia.com.pl\/sklep\/produkt\/bolerko-z-bufiastym-rekawem\/#breadcrumb\",\"itemListElement\":[{\"@type\":\"ListItem\",\"position\":1,\"name\":\"Home\",\"item\":\"https:\/\/kaledonia.com.pl\/sklep\/\"},{\"@type\":\"ListItem\",\"position\":2,\"name\":\"Sklep\",\"item\":\"https:\/\/kaledonia.com.pl\/sklep\/sklep\/\"},{\"@type\":\"ListItem\",\"position\":3,\"name\":\"Bolerko z bufiastym r\u0119kawem\"}]},{\"@type\":\"WebSite\",\"@id\":\"https:\/\/kaledonia.com.pl\/sklep\/#website\",\"url\":\"https:\/\/kaledonia.com.pl\/sklep\/\",\"name\":\"eSklep Kaledonia\",\"description\":\"\",\"publisher\":{\"@id\":\"https:\/\/kaledonia.com.pl\/sklep\/#organization\"},\"potentialAction\":[{\"@type\":\"SearchAction\",\"target\":{\"@type\":\"EntryPoint\",\"urlTemplate\":\"https:\/\/kaledonia.com.pl\/sklep\/?s={search_term_string}\"},\"query-input\":\"required name=search_term_string\"}],\"inLanguage\":\"pl-PL\"},{\"@type\":\"Organization\",\"@id\":\"https:\/\/kaledonia.com.pl\/sklep\/#organization\",\"name\":\"Kaledonia\",\"url\":\"https:\/\/kaledonia.com.pl\/sklep\/\",\"logo\":{\"@type\":\"ImageObject\",\"inLanguage\":\"pl-PL\",\"@id\":\"https:\/\/kaledonia.com.pl\/sklep\/#\/schema\/logo\/image\/\",\"url\":\"https:\/\/kaledonia.com.pl\/sklep\/wp-content\/uploads\/2023\/02\/Kaledonia-Logo-Black_byEH.png\",\"contentUrl\":\"https:\/\/kaledonia.com.pl\/sklep\/wp-content\/uploads\/2023\/02\/Kaledonia-Logo-Black_byEH.png\",\"width\":283,\"height\":120,\"caption\":\"Kaledonia\"},\"image\":{\"@id\":\"https:\/\/kaledonia.com.pl\/sklep\/#\/schema\/logo\/image\/\"},\"sameAs\":[\"https:\/\/www.facebook.com\/SuknieSlubneKaledonia\",\"https:\/\/www.instagram.com\/suknieslubnekaledonia\/\"]}]}<\/script>\n<!-- \/ Yoast SEO Premium plugin. -->","yoast_head_json":{"title":"Bolerko z bufiastym r\u0119kawem - eSklep Kaledonia","description":"Prezentowany model posiada dekoracyjne, bufiaste r\u0119kawki, z marszczeniem w nadgarstku i rozszerzanym mankietem. Bolerko wyr\u00f3\u017cnia si\u0119 eleganckim krojem i wi\u0105zaniem kopertowym.","robots":{"index":"index","follow":"follow","max-snippet":"max-snippet:-1","max-image-preview":"max-image-preview:large","max-video-preview":"max-video-preview:-1"},"canonical":"https:\/\/kaledonia.com.pl\/sklep\/produkt\/bolerko-z-bufiastym-rekawem\/","og_locale":"pl_PL","og_type":"article","og_title":"Bolerko z bufiastym r\u0119kawem","og_description":"Prezentowany model posiada dekoracyjne, bufiaste r\u0119kawki, z marszczeniem w nadgarstku i rozszerzanym mankietem. Bolerko wyr\u00f3\u017cnia si\u0119 eleganckim krojem i wi\u0105zaniem kopertowym.","og_url":"https:\/\/kaledonia.com.pl\/sklep\/produkt\/bolerko-z-bufiastym-rekawem\/","og_site_name":"eSklep Kaledonia","article_publisher":"https:\/\/www.facebook.com\/SuknieSlubneKaledonia","article_modified_time":"2024-04-28T20:12:05+00:00","og_image":[{"width":856,"height":1200,"url":"https:\/\/kaledonia.com.pl\/sklep\/wp-content\/uploads\/2023\/04\/Bolerko-z-bufiastym-rekawem.jpg","type":"image\/jpeg"}],"twitter_card":"summary_large_image","twitter_misc":{"Szacowany czas czytania":"2 minuty"},"schema":{"@context":"https:\/\/schema.org","@graph":[{"@type":"WebPage","@id":"https:\/\/kaledonia.com.pl\/sklep\/produkt\/bolerko-z-bufiastym-rekawem\/","url":"https:\/\/kaledonia.com.pl\/sklep\/produkt\/bolerko-z-bufiastym-rekawem\/","name":"Bolerko z bufiastym r\u0119kawem - eSklep Kaledonia","isPartOf":{"@id":"https:\/\/kaledonia.com.pl\/sklep\/#website"},"datePublished":"2023-04-20T17:09:59+00:00","dateModified":"2024-04-28T20:12:05+00:00","description":"Prezentowany model posiada dekoracyjne, bufiaste r\u0119kawki, z marszczeniem w nadgarstku i rozszerzanym mankietem. Bolerko wyr\u00f3\u017cnia si\u0119 eleganckim krojem i wi\u0105zaniem kopertowym.","breadcrumb":{"@id":"https:\/\/kaledonia.com.pl\/sklep\/produkt\/bolerko-z-bufiastym-rekawem\/#breadcrumb"},"inLanguage":"pl-PL","potentialAction":[{"@type":"ReadAction","target":["https:\/\/kaledonia.com.pl\/sklep\/produkt\/bolerko-z-bufiastym-rekawem\/"]}]},{"@type":"BreadcrumbList","@id":"https:\/\/kaledonia.com.pl\/sklep\/produkt\/bolerko-z-bufiastym-rekawem\/#breadcrumb","itemListElement":[{"@type":"ListItem","position":1,"name":"Home","item":"https:\/\/kaledonia.com.pl\/sklep\/"},{"@type":"ListItem","position":2,"name":"Sklep","item":"https:\/\/kaledonia.com.pl\/sklep\/sklep\/"},{"@type":"ListItem","position":3,"name":"Bolerko z bufiastym r\u0119kawem"}]},{"@type":"WebSite","@id":"https:\/\/kaledonia.com.pl\/sklep\/#website","url":"https:\/\/kaledonia.com.pl\/sklep\/","name":"eSklep Kaledonia","description":"","publisher":{"@id":"https:\/\/kaledonia.com.pl\/sklep\/#organization"},"potentialAction":[{"@type":"SearchAction","target":{"@type":"EntryPoint","urlTemplate":"https:\/\/kaledonia.com.pl\/sklep\/?s={search_term_string}"},"query-input":"required name=search_term_string"}],"inLanguage":"pl-PL"},{"@type":"Organization","@id":"https:\/\/kaledonia.com.pl\/sklep\/#organization","name":"Kaledonia","url":"https:\/\/kaledonia.com.pl\/sklep\/","logo":{"@type":"ImageObject","inLanguage":"pl-PL","@id":"https:\/\/kaledonia.com.pl\/sklep\/#\/schema\/logo\/image\/","url":"https:\/\/kaledonia.com.pl\/sklep\/wp-content\/uploads\/2023\/02\/Kaledonia-Logo-Black_byEH.png","contentUrl":"https:\/\/kaledonia.com.pl\/sklep\/wp-content\/uploads\/2023\/02\/Kaledonia-Logo-Black_byEH.png","width":283,"height":120,"caption":"Kaledonia"},"image":{"@id":"https:\/\/kaledonia.com.pl\/sklep\/#\/schema\/logo\/image\/"},"sameAs":["https:\/\/www.facebook.com\/SuknieSlubneKaledonia","https:\/\/www.instagram.com\/suknieslubnekaledonia\/"]}]}},"_links":{"self":[{"href":"https:\/\/kaledonia.com.pl\/sklep\/wp-json\/wp\/v2\/product\/64"}],"collection":[{"href":"https:\/\/kaledonia.com.pl\/sklep\/wp-json\/wp\/v2\/product"}],"about":[{"href":"https:\/\/kaledonia.com.pl\/sklep\/wp-json\/wp\/v2\/types\/product"}],"replies":[{"embeddable":true,"href":"https:\/\/kaledonia.com.pl\/sklep\/wp-json\/wp\/v2\/comments?post=64"}],"wp:featuredmedia":[{"embeddable":true,"href":"https:\/\/kaledonia.com.pl\/sklep\/wp-json\/wp\/v2\/media\/105"}],"wp:attachment":[{"href":"https:\/\/kaledonia.com.pl\/sklep\/wp-json\/wp\/v2\/media?parent=64"}],"wp:term":[{"taxonomy":"product_cat","embeddable":true,"href":"https:\/\/kaledonia.com.pl\/sklep\/wp-json\/wp\/v2\/product_cat?post=64"},{"taxonomy":"product_tag","embeddable":true,"href":"https:\/\/kaledonia.com.pl\/sklep\/wp-json\/wp\/v2\/product_tag?post=64"}],"curies":[{"name":"wp","href":"https:\/\/api.w.org\/{rel}","templated":true}]}}