{"id":716,"date":"2025-06-18T14:13:13","date_gmt":"2025-06-18T12:13:13","guid":{"rendered":"https:\/\/kaledonia.com.pl\/sklep\/?post_type=product&#038;p=716"},"modified":"2026-03-24T14:27:57","modified_gmt":"2026-03-24T13:27:57","slug":"melanya","status":"publish","type":"product","link":"https:\/\/kaledonia.com.pl\/sklep\/produkt\/melanya\/","title":{"rendered":"MELANYA"},"content":{"rendered":"<p>MELANYA to niezwykle subtelna i dziewcz\u0119ca suknia \u015blubna o kroju litery A, kt\u00f3ra zachwyca delikatno\u015bci\u0105, romantyzmem i staranno\u015bci\u0105 wykonania. Idealna dla panny m\u0142odej, kt\u00f3ra pragnie wygl\u0105da\u0107 lekko i eterycznie, a jednocze\u015bnie oczarowa\u0107 wyj\u0105tkowymi detalami. G\u00f3ra sukni prezentuje si\u0119 wyj\u0105tkowo romantycznie \u2014 wykonana z transparentnej siateczki, tworzy wra\u017cenie lekko\u015bci i niemal niewidocznego podtrzymania. Na tej delikatnej bazie osadzona jest lekka koronka kt\u00f3ra subtelnie otulaj\u0105 dekolt oraz ramiona. Transparentno\u015b\u0107 dodaje sukni nowoczesnego wdzi\u0119ku, natomiast aplikacje wprowadzaj\u0105 romantyczn\u0105 g\u0142\u0119bi\u0119 i struktur\u0119. Jednym z najbardziej efektownych element\u00f3w tej kreacji jest spos\u00f3b, w jaki zdobienia z g\u00f3ry sukni delikatnie przechodz\u0105 na doln\u0105 cz\u0119\u015b\u0107. Z ty\u0142u suknia ods\u0142ania mocno wyci\u0119te plecy, co dodaje kreacji odrobiny zmys\u0142owo\u015bci i eleganckiego kontrastu wobec bardziej dziewcz\u0119cego przodu. Wzd\u0142u\u017c transparentnej siateczki biegnie rz\u0105d drobnych guziczk\u00f3w. Zwie\u0144czeniem tej stylizacji jest zachwycaj\u0105cy tren, kt\u00f3ry mi\u0119kko wyp\u0142ywa z tylnej cz\u0119\u015bci sukni, podkre\u015blaj\u0105c jej lekko\u015b\u0107 i romantyczny charakter.<\/p>\n<div style=\"position: relative; width: 100%; height: 0; padding-top: 57.1429%;\n padding-bottom: 0; box-shadow: 0 2px 8px 0 rgba(63,69,81,0.16); margin-top: 1.6em; margin-bottom: 0.9em; overflow: hidden;\n border-radius: 8px; will-change: transform;\"><br \/>\n  <iframe loading=\"lazy\" style=\"position: absolute; width: 100%; height: 100%; top: 0; left: 0; border: none; padding: 0;margin: 0;\"\n    src=\"https:\/\/www.canva.com\/design\/DAGnbPvV9QY\/RYRkjQH3M2WQubnjk2uUaA\/view?embed\" allowfullscreen=\"allowfullscreen\" allow=\"fullscreen\"><br \/>\n  <\/iframe>\n<\/div>\n<p>Cena sukni dotyczy sprzeda\u017cy internetowej.<br \/>\nCzas realizacji do 14 dni roboczych. W przypadku zap\u0142aty przelewem bankowym, czas realizacji zam\u00f3wienia liczony jest od momentu zaksi\u0119gowania wp\u0142aty na naszym koncie.<\/p>\n<p>Pami\u0119taj \u017ce zwracany produkt:<\/p>\n<p>-nie mo\u017ce by\u0107 uszkodzony,<br \/>\n-nie mo\u017ce nosi\u0107 \u015blad\u00f3w u\u017cytkowania<br \/>\n-nie mo\u017ce zosta\u0107 zabrudzony (kurz, brud, sier\u015b\u0107, \u015blady makija\u017cu, antyperspirantu, perfum i zapach\u00f3w)<br \/>\n-musi posiada\u0107 oryginalne metki \u2013 nie mo\u017cna usuwa\u0107 zabezpiecze\u0144 produktu (ochronne znaki z firmowym logo)<br \/>\n-musi zosta\u0107 starannie zapakowany, aby nie uleg\u0142 zniszczeniu w czasie transportu.<\/p>\n<p>Je\u017celi potrzebujesz us\u0142ugi zwi\u0105zanej z korektami krawieckimi przy dopasowaniu sukni do Twojej sylwetki lub modyfikacjami kreacji \u2013 jeste\u015bmy w stanie Ci z tym pom\u00f3c \u2013 skontaktuj si\u0119 z nami w ramach wyceny.<\/p>\n","protected":false},"excerpt":{"rendered":"<p>Kolor: Ivory + Light rose<br \/>\nRozmiar 38\/40 (z mo\u017cliwo\u015bci\u0105 pomniejszenia lub powi\u0119kszenia o kilka centymetr\u00f3w)<br \/>\nTabela rozmiar\u00f3w:<br \/>\nBiust: 93 cm<br \/>\nTalia: 69 cm<br \/>\nBiodra: 96 cm<br \/>\nWysoko\u015b\u0107 od ramienia do talii prz\u00f3d: 46 cm<br \/>\nD\u0142ugo\u015b\u0107 sp\u00f3dnicy: 120 cm<br \/>\nStan sukni: Model ekspozycyjny (mog\u0105 by\u0107 widocznie niewielkie \u015blady mierzenia)<\/p>\n","protected":false},"featured_media":718,"comment_status":"open","ping_status":"closed","template":"","meta":[],"product_cat":[49],"product_tag":[106],"yoast_head":"<!-- This site is optimized with the Yoast SEO Premium plugin v20.1 (Yoast SEO v21.7) - https:\/\/yoast.com\/wordpress\/plugins\/seo\/ -->\n<title>MELANYA - eSklep Kaledonia<\/title>\n<meta name=\"description\" content=\"Dziewcz\u0119ca suknia \u015blubna o kroju litery A. Wykonana z transparentnej siateczki, tworzy wra\u017cenie lekko\u015bci i niemal niewidocznego podtrzymania.\" \/>\n<meta name=\"robots\" content=\"index, follow, max-snippet:-1, max-image-preview:large, max-video-preview:-1\" \/>\n<link rel=\"canonical\" href=\"https:\/\/kaledonia.com.pl\/sklep\/produkt\/melanya\/\" \/>\n<meta property=\"og:locale\" content=\"pl_PL\" \/>\n<meta property=\"og:type\" content=\"article\" \/>\n<meta property=\"og:title\" content=\"MELANYA\" \/>\n<meta property=\"og:description\" content=\"Dziewcz\u0119ca suknia \u015blubna o kroju litery A. Wykonana z transparentnej siateczki, tworzy wra\u017cenie lekko\u015bci i niemal niewidocznego podtrzymania.\" \/>\n<meta property=\"og:url\" content=\"https:\/\/kaledonia.com.pl\/sklep\/produkt\/melanya\/\" \/>\n<meta property=\"og:site_name\" content=\"eSklep Kaledonia\" \/>\n<meta property=\"article:publisher\" content=\"https:\/\/www.facebook.com\/SuknieSlubneKaledonia\" \/>\n<meta property=\"article:modified_time\" content=\"2026-03-24T13:27:57+00:00\" \/>\n<meta property=\"og:image\" content=\"https:\/\/kaledonia.com.pl\/sklep\/wp-content\/uploads\/2025\/06\/melanya_1.jpg\" \/>\n\t<meta property=\"og:image:width\" content=\"800\" \/>\n\t<meta property=\"og:image:height\" content=\"1200\" \/>\n\t<meta property=\"og:image:type\" content=\"image\/jpeg\" \/>\n<meta name=\"twitter:card\" content=\"summary_large_image\" \/>\n<meta name=\"twitter:label1\" content=\"Szacowany czas czytania\" \/>\n\t<meta name=\"twitter:data1\" content=\"2 minuty\" \/>\n<script type=\"application\/ld+json\" class=\"yoast-schema-graph\">{\"@context\":\"https:\/\/schema.org\",\"@graph\":[{\"@type\":\"WebPage\",\"@id\":\"https:\/\/kaledonia.com.pl\/sklep\/produkt\/melanya\/\",\"url\":\"https:\/\/kaledonia.com.pl\/sklep\/produkt\/melanya\/\",\"name\":\"MELANYA - eSklep Kaledonia\",\"isPartOf\":{\"@id\":\"https:\/\/kaledonia.com.pl\/sklep\/#website\"},\"datePublished\":\"2025-06-18T12:13:13+00:00\",\"dateModified\":\"2026-03-24T13:27:57+00:00\",\"description\":\"Dziewcz\u0119ca suknia \u015blubna o kroju litery A. Wykonana z transparentnej siateczki, tworzy wra\u017cenie lekko\u015bci i niemal niewidocznego podtrzymania.\",\"breadcrumb\":{\"@id\":\"https:\/\/kaledonia.com.pl\/sklep\/produkt\/melanya\/#breadcrumb\"},\"inLanguage\":\"pl-PL\",\"potentialAction\":[{\"@type\":\"ReadAction\",\"target\":[\"https:\/\/kaledonia.com.pl\/sklep\/produkt\/melanya\/\"]}]},{\"@type\":\"BreadcrumbList\",\"@id\":\"https:\/\/kaledonia.com.pl\/sklep\/produkt\/melanya\/#breadcrumb\",\"itemListElement\":[{\"@type\":\"ListItem\",\"position\":1,\"name\":\"Home\",\"item\":\"https:\/\/kaledonia.com.pl\/sklep\/\"},{\"@type\":\"ListItem\",\"position\":2,\"name\":\"Sklep\",\"item\":\"https:\/\/kaledonia.com.pl\/sklep\/sklep\/\"},{\"@type\":\"ListItem\",\"position\":3,\"name\":\"MELANYA\"}]},{\"@type\":\"WebSite\",\"@id\":\"https:\/\/kaledonia.com.pl\/sklep\/#website\",\"url\":\"https:\/\/kaledonia.com.pl\/sklep\/\",\"name\":\"eSklep Kaledonia\",\"description\":\"\",\"publisher\":{\"@id\":\"https:\/\/kaledonia.com.pl\/sklep\/#organization\"},\"potentialAction\":[{\"@type\":\"SearchAction\",\"target\":{\"@type\":\"EntryPoint\",\"urlTemplate\":\"https:\/\/kaledonia.com.pl\/sklep\/?s={search_term_string}\"},\"query-input\":\"required name=search_term_string\"}],\"inLanguage\":\"pl-PL\"},{\"@type\":\"Organization\",\"@id\":\"https:\/\/kaledonia.com.pl\/sklep\/#organization\",\"name\":\"Kaledonia\",\"url\":\"https:\/\/kaledonia.com.pl\/sklep\/\",\"logo\":{\"@type\":\"ImageObject\",\"inLanguage\":\"pl-PL\",\"@id\":\"https:\/\/kaledonia.com.pl\/sklep\/#\/schema\/logo\/image\/\",\"url\":\"https:\/\/kaledonia.com.pl\/sklep\/wp-content\/uploads\/2023\/02\/Kaledonia-Logo-Black_byEH.png\",\"contentUrl\":\"https:\/\/kaledonia.com.pl\/sklep\/wp-content\/uploads\/2023\/02\/Kaledonia-Logo-Black_byEH.png\",\"width\":283,\"height\":120,\"caption\":\"Kaledonia\"},\"image\":{\"@id\":\"https:\/\/kaledonia.com.pl\/sklep\/#\/schema\/logo\/image\/\"},\"sameAs\":[\"https:\/\/www.facebook.com\/SuknieSlubneKaledonia\",\"https:\/\/www.instagram.com\/suknieslubnekaledonia\/\"]}]}<\/script>\n<!-- \/ Yoast SEO Premium plugin. -->","yoast_head_json":{"title":"MELANYA - eSklep Kaledonia","description":"Dziewcz\u0119ca suknia \u015blubna o kroju litery A. Wykonana z transparentnej siateczki, tworzy wra\u017cenie lekko\u015bci i niemal niewidocznego podtrzymania.","robots":{"index":"index","follow":"follow","max-snippet":"max-snippet:-1","max-image-preview":"max-image-preview:large","max-video-preview":"max-video-preview:-1"},"canonical":"https:\/\/kaledonia.com.pl\/sklep\/produkt\/melanya\/","og_locale":"pl_PL","og_type":"article","og_title":"MELANYA","og_description":"Dziewcz\u0119ca suknia \u015blubna o kroju litery A. Wykonana z transparentnej siateczki, tworzy wra\u017cenie lekko\u015bci i niemal niewidocznego podtrzymania.","og_url":"https:\/\/kaledonia.com.pl\/sklep\/produkt\/melanya\/","og_site_name":"eSklep Kaledonia","article_publisher":"https:\/\/www.facebook.com\/SuknieSlubneKaledonia","article_modified_time":"2026-03-24T13:27:57+00:00","og_image":[{"width":800,"height":1200,"url":"https:\/\/kaledonia.com.pl\/sklep\/wp-content\/uploads\/2025\/06\/melanya_1.jpg","type":"image\/jpeg"}],"twitter_card":"summary_large_image","twitter_misc":{"Szacowany czas czytania":"2 minuty"},"schema":{"@context":"https:\/\/schema.org","@graph":[{"@type":"WebPage","@id":"https:\/\/kaledonia.com.pl\/sklep\/produkt\/melanya\/","url":"https:\/\/kaledonia.com.pl\/sklep\/produkt\/melanya\/","name":"MELANYA - eSklep Kaledonia","isPartOf":{"@id":"https:\/\/kaledonia.com.pl\/sklep\/#website"},"datePublished":"2025-06-18T12:13:13+00:00","dateModified":"2026-03-24T13:27:57+00:00","description":"Dziewcz\u0119ca suknia \u015blubna o kroju litery A. Wykonana z transparentnej siateczki, tworzy wra\u017cenie lekko\u015bci i niemal niewidocznego podtrzymania.","breadcrumb":{"@id":"https:\/\/kaledonia.com.pl\/sklep\/produkt\/melanya\/#breadcrumb"},"inLanguage":"pl-PL","potentialAction":[{"@type":"ReadAction","target":["https:\/\/kaledonia.com.pl\/sklep\/produkt\/melanya\/"]}]},{"@type":"BreadcrumbList","@id":"https:\/\/kaledonia.com.pl\/sklep\/produkt\/melanya\/#breadcrumb","itemListElement":[{"@type":"ListItem","position":1,"name":"Home","item":"https:\/\/kaledonia.com.pl\/sklep\/"},{"@type":"ListItem","position":2,"name":"Sklep","item":"https:\/\/kaledonia.com.pl\/sklep\/sklep\/"},{"@type":"ListItem","position":3,"name":"MELANYA"}]},{"@type":"WebSite","@id":"https:\/\/kaledonia.com.pl\/sklep\/#website","url":"https:\/\/kaledonia.com.pl\/sklep\/","name":"eSklep Kaledonia","description":"","publisher":{"@id":"https:\/\/kaledonia.com.pl\/sklep\/#organization"},"potentialAction":[{"@type":"SearchAction","target":{"@type":"EntryPoint","urlTemplate":"https:\/\/kaledonia.com.pl\/sklep\/?s={search_term_string}"},"query-input":"required name=search_term_string"}],"inLanguage":"pl-PL"},{"@type":"Organization","@id":"https:\/\/kaledonia.com.pl\/sklep\/#organization","name":"Kaledonia","url":"https:\/\/kaledonia.com.pl\/sklep\/","logo":{"@type":"ImageObject","inLanguage":"pl-PL","@id":"https:\/\/kaledonia.com.pl\/sklep\/#\/schema\/logo\/image\/","url":"https:\/\/kaledonia.com.pl\/sklep\/wp-content\/uploads\/2023\/02\/Kaledonia-Logo-Black_byEH.png","contentUrl":"https:\/\/kaledonia.com.pl\/sklep\/wp-content\/uploads\/2023\/02\/Kaledonia-Logo-Black_byEH.png","width":283,"height":120,"caption":"Kaledonia"},"image":{"@id":"https:\/\/kaledonia.com.pl\/sklep\/#\/schema\/logo\/image\/"},"sameAs":["https:\/\/www.facebook.com\/SuknieSlubneKaledonia","https:\/\/www.instagram.com\/suknieslubnekaledonia\/"]}]}},"_links":{"self":[{"href":"https:\/\/kaledonia.com.pl\/sklep\/wp-json\/wp\/v2\/product\/716"}],"collection":[{"href":"https:\/\/kaledonia.com.pl\/sklep\/wp-json\/wp\/v2\/product"}],"about":[{"href":"https:\/\/kaledonia.com.pl\/sklep\/wp-json\/wp\/v2\/types\/product"}],"replies":[{"embeddable":true,"href":"https:\/\/kaledonia.com.pl\/sklep\/wp-json\/wp\/v2\/comments?post=716"}],"wp:featuredmedia":[{"embeddable":true,"href":"https:\/\/kaledonia.com.pl\/sklep\/wp-json\/wp\/v2\/media\/718"}],"wp:attachment":[{"href":"https:\/\/kaledonia.com.pl\/sklep\/wp-json\/wp\/v2\/media?parent=716"}],"wp:term":[{"taxonomy":"product_cat","embeddable":true,"href":"https:\/\/kaledonia.com.pl\/sklep\/wp-json\/wp\/v2\/product_cat?post=716"},{"taxonomy":"product_tag","embeddable":true,"href":"https:\/\/kaledonia.com.pl\/sklep\/wp-json\/wp\/v2\/product_tag?post=716"}],"curies":[{"name":"wp","href":"https:\/\/api.w.org\/{rel}","templated":true}]}}