{"id":947,"date":"2025-06-24T14:30:34","date_gmt":"2025-06-24T12:30:34","guid":{"rendered":"https:\/\/kaledonia.com.pl\/sklep\/?post_type=product&#038;p=947"},"modified":"2025-07-04T22:49:02","modified_gmt":"2025-07-04T20:49:02","slug":"tesorio","status":"publish","type":"product","link":"https:\/\/kaledonia.com.pl\/sklep\/produkt\/tesorio\/","title":{"rendered":"TESORIO"},"content":{"rendered":"<p>TESORIO to uosobienie romantycznej elegancji \u2013 niczym z bajki o ksi\u0119\u017cniczce, kt\u00f3ra zachwyca nie tylko wdzi\u0119kiem, ale i wyrafinowanym stylem. Jej sercem jest pi\u0119knie zdobiony gorset, pe\u0142en misternych detali, kt\u00f3re subtelnie podkre\u015blaj\u0105 kobiec\u0105 sylwetk\u0119. Delikatne hafty, aplikacje oraz staranne wyko\u0144czenia nadaj\u0105 mu wyj\u0105tkowy charakter i sprawiaj\u0105, \u017ce g\u00f3rna cz\u0119\u015b\u0107 sukni przyci\u0105ga wzrok od pierwszego spojrzenia. Szeroka sp\u00f3dnica z mi\u0119kko uk\u0142adaj\u0105cego si\u0119 materia\u0142u dodaje ca\u0142o\u015bci obj\u0119to\u015bci i spektakularnego efektu,  Jej rozkloszowana forma tworzy pi\u0119kn\u0105 lini\u0119 si\u0119\u017cniczki nadaj\u0105c sukni lekko\u015bci i klasycznego wdzi\u0119ku. Ca\u0142o\u015b\u0107 dope\u0142niaj\u0105 romantyczne elementy 3D. Te detale dodaj\u0105 g\u0142\u0119bi, subtelnej tekstury i niezwykle zmys\u0142owego uroku.<\/p>\n<div style=\"position: relative; width: 100%; height: 0; padding-top: 57.1429%;\n\n padding-bottom: 0; box-shadow: 0 2px 8px 0 rgba(63,69,81,0.16); margin-top: 1.6em; margin-bottom: 0.9em; overflow: hidden;\n\n border-radius: 8px; will-change: transform;\"><\/p>\n<p>  <iframe loading=\"lazy\" style=\"position: absolute; width: 100%; height: 100%; top: 0; left: 0; border: none; padding: 0;margin: 0;\"\n\n    src=\"https:\/\/www.canva.com\/design\/DAGnag22sQU\/IlppQkCU2hAYnQpZkaTPFA\/view?embed\" allowfullscreen=\"allowfullscreen\" allow=\"fullscreen\"><\/p>\n<p>  <\/iframe><\/p>\n<\/div>\n<p>Cena sukni dotyczy sprzeda\u017cy internetowej.<br \/>\nCzas realizacji do 14 dni roboczych. W przypadku zap\u0142aty przelewem bankowym, czas realizacji zam\u00f3wienia liczony jest od momentu zaksi\u0119gowania wp\u0142aty na naszym koncie.<\/p>\n<p>Pami\u0119taj \u017ce zwracany produkt:<\/p>\n<p>-nie mo\u017ce by\u0107 uszkodzony,<br \/>\n-nie mo\u017ce nosi\u0107 \u015blad\u00f3w u\u017cytkowania<br \/>\n-nie mo\u017ce zosta\u0107 zabrudzony (kurz, brud, sier\u015b\u0107, \u015blady makija\u017cu, antyperspirantu, perfum i zapach\u00f3w)<br \/>\n-musi posiada\u0107 oryginalne metki \u2013 nie mo\u017cna usuwa\u0107 zabezpiecze\u0144 produktu (ochronne znaki z firmowym logo)<br \/>\n-musi zosta\u0107 starannie zapakowany, aby nie uleg\u0142 zniszczeniu w czasie transportu.<\/p>\n<p>Je\u017celi potrzebujesz us\u0142ugi zwi\u0105zanej z korektami krawieckimi przy dopasowaniu sukni do Twojej sylwetki lub modyfikacjami kreacji \u2013 jeste\u015bmy w stanie Ci z tym pom\u00f3c \u2013 skontaktuj si\u0119 z nami w ramach wyceny.<\/p>\n","protected":false},"excerpt":{"rendered":"<p>Kolor: Ivory + Nude<br \/>\nRozmiar 38\/40 (z mo\u017cliwo\u015bci\u0105 pomniejszenia lub powi\u0119kszenia o kilka centymetr\u00f3w)<br \/>\nTabela rozmiar\u00f3w:<br \/>\nBiust: 93 cm<br \/>\nTalia: 69 cm<br \/>\nBiodra: 96 cm<br \/>\nWysoko\u015b\u0107 od ramienia do talii prz\u00f3d: 46 cm<br \/>\nD\u0142ugo\u015b\u0107 sp\u00f3dnicy: 120 cm<br \/>\nStan sukni: Model poekspozycyjny (mog\u0105 by\u0107 widocznie niewielkie \u015blady mierzenia)<\/p>\n","protected":false},"featured_media":950,"comment_status":"open","ping_status":"closed","template":"","meta":[],"product_cat":[49],"product_tag":[155],"yoast_head":"<!-- This site is optimized with the Yoast SEO Premium plugin v20.1 (Yoast SEO v21.7) - https:\/\/yoast.com\/wordpress\/plugins\/seo\/ -->\n<title>TESORIO - eSklep Kaledonia<\/title>\n<meta name=\"description\" content=\"To romantyczna propozycja w stylu ksi\u0119\u017cniczki. Zdobiony gorset i elementy 3d podkre\u015blaj\u0105 sylwetk\u0119, a rozkloszowana sp\u00f3dnica nadaje bajkowego charakteru.\" \/>\n<meta name=\"robots\" content=\"index, follow, max-snippet:-1, max-image-preview:large, max-video-preview:-1\" \/>\n<link rel=\"canonical\" href=\"https:\/\/kaledonia.com.pl\/sklep\/produkt\/tesorio\/\" \/>\n<meta property=\"og:locale\" content=\"pl_PL\" \/>\n<meta property=\"og:type\" content=\"article\" \/>\n<meta property=\"og:title\" content=\"TESORIO\" \/>\n<meta property=\"og:description\" content=\"To romantyczna propozycja w stylu ksi\u0119\u017cniczki. Zdobiony gorset i elementy 3d podkre\u015blaj\u0105 sylwetk\u0119, a rozkloszowana sp\u00f3dnica nadaje bajkowego charakteru.\" \/>\n<meta property=\"og:url\" content=\"https:\/\/kaledonia.com.pl\/sklep\/produkt\/tesorio\/\" \/>\n<meta property=\"og:site_name\" content=\"eSklep Kaledonia\" \/>\n<meta property=\"article:publisher\" content=\"https:\/\/www.facebook.com\/SuknieSlubneKaledonia\" \/>\n<meta property=\"article:modified_time\" content=\"2025-07-04T20:49:02+00:00\" \/>\n<meta property=\"og:image\" content=\"https:\/\/kaledonia.com.pl\/sklep\/wp-content\/uploads\/2025\/06\/tesorio_1.jpg\" \/>\n\t<meta property=\"og:image:width\" content=\"800\" \/>\n\t<meta property=\"og:image:height\" content=\"1200\" \/>\n\t<meta property=\"og:image:type\" content=\"image\/jpeg\" \/>\n<meta name=\"twitter:card\" content=\"summary_large_image\" \/>\n<meta name=\"twitter:label1\" content=\"Szacowany czas czytania\" \/>\n\t<meta name=\"twitter:data1\" content=\"2 minuty\" \/>\n<script type=\"application\/ld+json\" class=\"yoast-schema-graph\">{\"@context\":\"https:\/\/schema.org\",\"@graph\":[{\"@type\":\"WebPage\",\"@id\":\"https:\/\/kaledonia.com.pl\/sklep\/produkt\/tesorio\/\",\"url\":\"https:\/\/kaledonia.com.pl\/sklep\/produkt\/tesorio\/\",\"name\":\"TESORIO - eSklep Kaledonia\",\"isPartOf\":{\"@id\":\"https:\/\/kaledonia.com.pl\/sklep\/#website\"},\"datePublished\":\"2025-06-24T12:30:34+00:00\",\"dateModified\":\"2025-07-04T20:49:02+00:00\",\"description\":\"To romantyczna propozycja w stylu ksi\u0119\u017cniczki. Zdobiony gorset i elementy 3d podkre\u015blaj\u0105 sylwetk\u0119, a rozkloszowana sp\u00f3dnica nadaje bajkowego charakteru.\",\"breadcrumb\":{\"@id\":\"https:\/\/kaledonia.com.pl\/sklep\/produkt\/tesorio\/#breadcrumb\"},\"inLanguage\":\"pl-PL\",\"potentialAction\":[{\"@type\":\"ReadAction\",\"target\":[\"https:\/\/kaledonia.com.pl\/sklep\/produkt\/tesorio\/\"]}]},{\"@type\":\"BreadcrumbList\",\"@id\":\"https:\/\/kaledonia.com.pl\/sklep\/produkt\/tesorio\/#breadcrumb\",\"itemListElement\":[{\"@type\":\"ListItem\",\"position\":1,\"name\":\"Home\",\"item\":\"https:\/\/kaledonia.com.pl\/sklep\/\"},{\"@type\":\"ListItem\",\"position\":2,\"name\":\"Sklep\",\"item\":\"https:\/\/kaledonia.com.pl\/sklep\/sklep\/\"},{\"@type\":\"ListItem\",\"position\":3,\"name\":\"TESORIO\"}]},{\"@type\":\"WebSite\",\"@id\":\"https:\/\/kaledonia.com.pl\/sklep\/#website\",\"url\":\"https:\/\/kaledonia.com.pl\/sklep\/\",\"name\":\"eSklep Kaledonia\",\"description\":\"\",\"publisher\":{\"@id\":\"https:\/\/kaledonia.com.pl\/sklep\/#organization\"},\"potentialAction\":[{\"@type\":\"SearchAction\",\"target\":{\"@type\":\"EntryPoint\",\"urlTemplate\":\"https:\/\/kaledonia.com.pl\/sklep\/?s={search_term_string}\"},\"query-input\":\"required name=search_term_string\"}],\"inLanguage\":\"pl-PL\"},{\"@type\":\"Organization\",\"@id\":\"https:\/\/kaledonia.com.pl\/sklep\/#organization\",\"name\":\"Kaledonia\",\"url\":\"https:\/\/kaledonia.com.pl\/sklep\/\",\"logo\":{\"@type\":\"ImageObject\",\"inLanguage\":\"pl-PL\",\"@id\":\"https:\/\/kaledonia.com.pl\/sklep\/#\/schema\/logo\/image\/\",\"url\":\"https:\/\/kaledonia.com.pl\/sklep\/wp-content\/uploads\/2023\/02\/Kaledonia-Logo-Black_byEH.png\",\"contentUrl\":\"https:\/\/kaledonia.com.pl\/sklep\/wp-content\/uploads\/2023\/02\/Kaledonia-Logo-Black_byEH.png\",\"width\":283,\"height\":120,\"caption\":\"Kaledonia\"},\"image\":{\"@id\":\"https:\/\/kaledonia.com.pl\/sklep\/#\/schema\/logo\/image\/\"},\"sameAs\":[\"https:\/\/www.facebook.com\/SuknieSlubneKaledonia\",\"https:\/\/www.instagram.com\/suknieslubnekaledonia\/\"]}]}<\/script>\n<!-- \/ Yoast SEO Premium plugin. -->","yoast_head_json":{"title":"TESORIO - eSklep Kaledonia","description":"To romantyczna propozycja w stylu ksi\u0119\u017cniczki. Zdobiony gorset i elementy 3d podkre\u015blaj\u0105 sylwetk\u0119, a rozkloszowana sp\u00f3dnica nadaje bajkowego charakteru.","robots":{"index":"index","follow":"follow","max-snippet":"max-snippet:-1","max-image-preview":"max-image-preview:large","max-video-preview":"max-video-preview:-1"},"canonical":"https:\/\/kaledonia.com.pl\/sklep\/produkt\/tesorio\/","og_locale":"pl_PL","og_type":"article","og_title":"TESORIO","og_description":"To romantyczna propozycja w stylu ksi\u0119\u017cniczki. Zdobiony gorset i elementy 3d podkre\u015blaj\u0105 sylwetk\u0119, a rozkloszowana sp\u00f3dnica nadaje bajkowego charakteru.","og_url":"https:\/\/kaledonia.com.pl\/sklep\/produkt\/tesorio\/","og_site_name":"eSklep Kaledonia","article_publisher":"https:\/\/www.facebook.com\/SuknieSlubneKaledonia","article_modified_time":"2025-07-04T20:49:02+00:00","og_image":[{"width":800,"height":1200,"url":"https:\/\/kaledonia.com.pl\/sklep\/wp-content\/uploads\/2025\/06\/tesorio_1.jpg","type":"image\/jpeg"}],"twitter_card":"summary_large_image","twitter_misc":{"Szacowany czas czytania":"2 minuty"},"schema":{"@context":"https:\/\/schema.org","@graph":[{"@type":"WebPage","@id":"https:\/\/kaledonia.com.pl\/sklep\/produkt\/tesorio\/","url":"https:\/\/kaledonia.com.pl\/sklep\/produkt\/tesorio\/","name":"TESORIO - eSklep Kaledonia","isPartOf":{"@id":"https:\/\/kaledonia.com.pl\/sklep\/#website"},"datePublished":"2025-06-24T12:30:34+00:00","dateModified":"2025-07-04T20:49:02+00:00","description":"To romantyczna propozycja w stylu ksi\u0119\u017cniczki. Zdobiony gorset i elementy 3d podkre\u015blaj\u0105 sylwetk\u0119, a rozkloszowana sp\u00f3dnica nadaje bajkowego charakteru.","breadcrumb":{"@id":"https:\/\/kaledonia.com.pl\/sklep\/produkt\/tesorio\/#breadcrumb"},"inLanguage":"pl-PL","potentialAction":[{"@type":"ReadAction","target":["https:\/\/kaledonia.com.pl\/sklep\/produkt\/tesorio\/"]}]},{"@type":"BreadcrumbList","@id":"https:\/\/kaledonia.com.pl\/sklep\/produkt\/tesorio\/#breadcrumb","itemListElement":[{"@type":"ListItem","position":1,"name":"Home","item":"https:\/\/kaledonia.com.pl\/sklep\/"},{"@type":"ListItem","position":2,"name":"Sklep","item":"https:\/\/kaledonia.com.pl\/sklep\/sklep\/"},{"@type":"ListItem","position":3,"name":"TESORIO"}]},{"@type":"WebSite","@id":"https:\/\/kaledonia.com.pl\/sklep\/#website","url":"https:\/\/kaledonia.com.pl\/sklep\/","name":"eSklep Kaledonia","description":"","publisher":{"@id":"https:\/\/kaledonia.com.pl\/sklep\/#organization"},"potentialAction":[{"@type":"SearchAction","target":{"@type":"EntryPoint","urlTemplate":"https:\/\/kaledonia.com.pl\/sklep\/?s={search_term_string}"},"query-input":"required name=search_term_string"}],"inLanguage":"pl-PL"},{"@type":"Organization","@id":"https:\/\/kaledonia.com.pl\/sklep\/#organization","name":"Kaledonia","url":"https:\/\/kaledonia.com.pl\/sklep\/","logo":{"@type":"ImageObject","inLanguage":"pl-PL","@id":"https:\/\/kaledonia.com.pl\/sklep\/#\/schema\/logo\/image\/","url":"https:\/\/kaledonia.com.pl\/sklep\/wp-content\/uploads\/2023\/02\/Kaledonia-Logo-Black_byEH.png","contentUrl":"https:\/\/kaledonia.com.pl\/sklep\/wp-content\/uploads\/2023\/02\/Kaledonia-Logo-Black_byEH.png","width":283,"height":120,"caption":"Kaledonia"},"image":{"@id":"https:\/\/kaledonia.com.pl\/sklep\/#\/schema\/logo\/image\/"},"sameAs":["https:\/\/www.facebook.com\/SuknieSlubneKaledonia","https:\/\/www.instagram.com\/suknieslubnekaledonia\/"]}]}},"_links":{"self":[{"href":"https:\/\/kaledonia.com.pl\/sklep\/wp-json\/wp\/v2\/product\/947"}],"collection":[{"href":"https:\/\/kaledonia.com.pl\/sklep\/wp-json\/wp\/v2\/product"}],"about":[{"href":"https:\/\/kaledonia.com.pl\/sklep\/wp-json\/wp\/v2\/types\/product"}],"replies":[{"embeddable":true,"href":"https:\/\/kaledonia.com.pl\/sklep\/wp-json\/wp\/v2\/comments?post=947"}],"wp:featuredmedia":[{"embeddable":true,"href":"https:\/\/kaledonia.com.pl\/sklep\/wp-json\/wp\/v2\/media\/950"}],"wp:attachment":[{"href":"https:\/\/kaledonia.com.pl\/sklep\/wp-json\/wp\/v2\/media?parent=947"}],"wp:term":[{"taxonomy":"product_cat","embeddable":true,"href":"https:\/\/kaledonia.com.pl\/sklep\/wp-json\/wp\/v2\/product_cat?post=947"},{"taxonomy":"product_tag","embeddable":true,"href":"https:\/\/kaledonia.com.pl\/sklep\/wp-json\/wp\/v2\/product_tag?post=947"}],"curies":[{"name":"wp","href":"https:\/\/api.w.org\/{rel}","templated":true}]}}